{"id":831,"date":"2015-05-11T09:13:20","date_gmt":"2015-05-11T09:13:20","guid":{"rendered":"http:\/\/blessing.ancorathemes.com\/?page_id=831"},"modified":"2020-03-25T13:09:34","modified_gmt":"2020-03-25T13:09:34","slug":"homepage","status":"publish","type":"page","link":"https:\/\/www.pohrebne-sluzby.eu\/creativeflowers\/","title":{"rendered":"Creative Flowers Dob\u0161in\u00e1"},"content":{"rendered":"<div class=\"wpb-content-wrapper\"><p>[vc_row][vc_column css=&#8220;.vc_custom_1567183621915{padding-top: 5.5em !important;padding-bottom: 5em !important;background-image: url(https:\/\/www.pohrebne-sluzby.eu\/creativeflowers\/wp-content\/uploads\/2019\/08\/white_bg.jpg?id=2088) !important;}&#8220;]<div class=\"sc_content content_wrap\" data-animation=\"animated fadeInUp normal\"><div class=\"sc_section\"><div class=\"columns_wrap sc_columns columns_nofluid sc_columns_count_2\"><div class=\"column-1_2 sc_column_item sc_column_item_1 odd first\"><figure class=\"sc_image  sc_image_shape_square\" style=\"width:70%;\"><div style=\"padding: 0.4em; padding-bottom: 0;\"><img decoding=\"async\" src=\"https:\/\/www.pohrebne-sluzby.eu\/creativeflowers\/wp-content\/uploads\/2019\/01\/kytica-uvod.png\" alt=\"\" \/><\/div><\/figure><\/div><div class=\"column-1_2 sc_column_item sc_column_item_2 even\"><h3 class=\"sc_title sc_title_regular \" style=\"margin-top:0px;margin-bottom:0.15em;\">V\u00e1\u017een\u00ed z\u00e1kazn\u00edci,<\/h3>[vc_column_text]kytica spolu s venovan\u00edm sa ned\u00e1 porovna\u0165 s be\u017en\u00fdm telefon\u00e1tom, mailom, sms-kou, \u010di listom, preto\u017ee kvety neopakovate\u013en\u00fdm sp\u00f4sobom vyjadruj\u00fa na\u0161e city, pocity aj n\u00e1ladu.<\/p>\n<p>Kvety n\u00e1m skr\u00e1\u0161\u013euj\u00fa \u017eivot, e\u0161te viac spr\u00edjem\u0148uj\u00fa to pr\u00edjemn\u00e9, ale aj zjem\u0148uj\u00fa chv\u00edle sm\u00fatku a\u00a0 u\u013eah\u010duj\u00fa pre\u017ei\u0165 \u0165a\u017ek\u00e9 a nepr\u00edjemn\u00e9 situ\u00e1cie.<\/p>\n<p>A pr\u00e1ve kytica &#8211; ako svie\u017ei dotyk pr\u00edrody vd\u00fdchne \u010dloveku optimizmus, rados\u0165, dobr\u00fa n\u00e1ladu, od\u013eah\u010d\u00ed \u0165a\u017eobu chv\u00edle, jednoducho vy\u010dar\u00ed \u00fasmev aj v dne\u0161nej upon\u00e1h\u013eanej dobe.<\/p>\n<p>Viete si predstavi\u0165 lep\u0161\u00ed dar\u010dek pre V\u00e1m bl\u00edzkeho \u010dloveka?[\/vc_column_text]<\/div><\/div><\/div><\/div>[\/vc_column][\/vc_row][vc_row][vc_column]<div class=\"sc_section\"><div class=\"sc_content content_wrap\" data-animation=\"animated fadeInUp normal\" style=\"margin-top:1.8em !important;\"><h2 class=\"sc_title sc_title_regular sc_align_center fig_border\" style=\"text-align:center;\">Poskytujeme slu\u017eby<\/h2><div class=\"columns_wrap sc_columns columns_nofluid sc_columns_count_4\" style=\"margin-bottom:5em;\"><div class=\"column-1_4 sc_column_item sc_column_item_1 odd first\">[vc_column_text]<\/p>\n<p style=\"text-align: center; margin-top: 0px; margin-bottom: 10px;\"><a href=\"https:\/\/www.pohrebne-sluzby.eu\/creativeflowers\/kytice\/\"><img decoding=\"async\" class=\"aligncenter wp-image-2010 size-small_image\" src=\"https:\/\/www.pohrebne-sluzby.eu\/creativeflowers\/wp-content\/uploads\/2019\/01\/sluzby-kytice-250x250.jpg\" alt=\"\" width=\"250\" height=\"250\" srcset=\"https:\/\/www.pohrebne-sluzby.eu\/creativeflowers\/wp-content\/uploads\/2019\/01\/sluzby-kytice-250x250.jpg 250w, https:\/\/www.pohrebne-sluzby.eu\/creativeflowers\/wp-content\/uploads\/2019\/01\/sluzby-kytice-150x150.jpg 150w, https:\/\/www.pohrebne-sluzby.eu\/creativeflowers\/wp-content\/uploads\/2019\/01\/sluzby-kytice-300x300.jpg 300w, https:\/\/www.pohrebne-sluzby.eu\/creativeflowers\/wp-content\/uploads\/2019\/01\/sluzby-kytice-400x400.jpg 400w, https:\/\/www.pohrebne-sluzby.eu\/creativeflowers\/wp-content\/uploads\/2019\/01\/sluzby-kytice-68x68.jpg 68w, https:\/\/www.pohrebne-sluzby.eu\/creativeflowers\/wp-content\/uploads\/2019\/01\/sluzby-kytice-350x350.jpg 350w, https:\/\/www.pohrebne-sluzby.eu\/creativeflowers\/wp-content\/uploads\/2019\/01\/sluzby-kytice-75x75.jpg 75w, https:\/\/www.pohrebne-sluzby.eu\/creativeflowers\/wp-content\/uploads\/2019\/01\/sluzby-kytice-600x599.jpg 600w, https:\/\/www.pohrebne-sluzby.eu\/creativeflowers\/wp-content\/uploads\/2019\/01\/sluzby-kytice-100x100.jpg 100w, https:\/\/www.pohrebne-sluzby.eu\/creativeflowers\/wp-content\/uploads\/2019\/01\/sluzby-kytice.jpg 700w\" sizes=\"(max-width: 250px) 100vw, 250px\" \/><\/a><\/p>\n<h3 style=\"text-align: center; margin-top: 0px; margin-bottom: 10px;\"><a href=\"https:\/\/www.pohrebne-sluzby.eu\/creativeflowers\/kytice\/\">Kytice<\/a><\/h3>\n<p style=\"text-align: center; font-family: Open Sans;\">Gratula\u010dn\u00e9, svadobn\u00e9, pr\u00edle\u017eitostn\u00e9 a sm\u00fato\u010dn\u00e9 kytice,\u00a0v netradi\u010dn\u00fdch kombin\u00e1ci\u00e1ch<\/p>\n<p>[\/vc_column_text]<\/div><div class=\"column-1_4 sc_column_item sc_column_item_2 even\">[vc_column_text]<\/p>\n<p style=\"text-align: center; margin-top: 0px; margin-bottom: 10px;\"><a href=\"\/creativeflowers\/ikebany\/\"><img decoding=\"async\" class=\"aligncenter wp-image-2012 size-small_image\" src=\"https:\/\/www.pohrebne-sluzby.eu\/creativeflowers\/wp-content\/uploads\/2019\/01\/sluzby-ikebany-250x250.jpg\" alt=\"\" width=\"250\" height=\"250\" srcset=\"https:\/\/www.pohrebne-sluzby.eu\/creativeflowers\/wp-content\/uploads\/2019\/01\/sluzby-ikebany-250x250.jpg 250w, https:\/\/www.pohrebne-sluzby.eu\/creativeflowers\/wp-content\/uploads\/2019\/01\/sluzby-ikebany-150x150.jpg 150w, https:\/\/www.pohrebne-sluzby.eu\/creativeflowers\/wp-content\/uploads\/2019\/01\/sluzby-ikebany-300x300.jpg 300w, https:\/\/www.pohrebne-sluzby.eu\/creativeflowers\/wp-content\/uploads\/2019\/01\/sluzby-ikebany-400x400.jpg 400w, https:\/\/www.pohrebne-sluzby.eu\/creativeflowers\/wp-content\/uploads\/2019\/01\/sluzby-ikebany-68x68.jpg 68w, https:\/\/www.pohrebne-sluzby.eu\/creativeflowers\/wp-content\/uploads\/2019\/01\/sluzby-ikebany-350x350.jpg 350w, https:\/\/www.pohrebne-sluzby.eu\/creativeflowers\/wp-content\/uploads\/2019\/01\/sluzby-ikebany-75x75.jpg 75w, https:\/\/www.pohrebne-sluzby.eu\/creativeflowers\/wp-content\/uploads\/2019\/01\/sluzby-ikebany-600x599.jpg 600w, https:\/\/www.pohrebne-sluzby.eu\/creativeflowers\/wp-content\/uploads\/2019\/01\/sluzby-ikebany-100x100.jpg 100w, https:\/\/www.pohrebne-sluzby.eu\/creativeflowers\/wp-content\/uploads\/2019\/01\/sluzby-ikebany.jpg 700w\" sizes=\"(max-width: 250px) 100vw, 250px\" \/><\/a><\/p>\n<h3 style=\"text-align: center; margin-top: 0px; margin-bottom: 10px;\"><a href=\"\/creativeflowers\/ikebany\/\">Ikebany<\/a><\/h3>\n<p style=\"text-align: center; font-family: Open Sans;\">Japonsk\u00e9 umenie aran\u017eovania kvetov.<\/p>\n<p>[\/vc_column_text]<\/div><div class=\"column-1_4 sc_column_item sc_column_item_3 odd\">[vc_column_text]<\/p>\n<p style=\"text-align: center; margin-top: 0px; margin-bottom: 10px;\"><a href=\"\/creativeflowers\/zive-vence\/\"><img decoding=\"async\" class=\"alignnone size-small_image wp-image-2014\" src=\"https:\/\/www.pohrebne-sluzby.eu\/creativeflowers\/wp-content\/uploads\/2019\/01\/sluzby-vence-250x250.jpg\" alt=\"\" width=\"250\" height=\"250\" srcset=\"https:\/\/www.pohrebne-sluzby.eu\/creativeflowers\/wp-content\/uploads\/2019\/01\/sluzby-vence-250x250.jpg 250w, https:\/\/www.pohrebne-sluzby.eu\/creativeflowers\/wp-content\/uploads\/2019\/01\/sluzby-vence-150x150.jpg 150w, https:\/\/www.pohrebne-sluzby.eu\/creativeflowers\/wp-content\/uploads\/2019\/01\/sluzby-vence-300x300.jpg 300w, https:\/\/www.pohrebne-sluzby.eu\/creativeflowers\/wp-content\/uploads\/2019\/01\/sluzby-vence-400x400.jpg 400w, https:\/\/www.pohrebne-sluzby.eu\/creativeflowers\/wp-content\/uploads\/2019\/01\/sluzby-vence-68x68.jpg 68w, https:\/\/www.pohrebne-sluzby.eu\/creativeflowers\/wp-content\/uploads\/2019\/01\/sluzby-vence-350x350.jpg 350w, https:\/\/www.pohrebne-sluzby.eu\/creativeflowers\/wp-content\/uploads\/2019\/01\/sluzby-vence-75x75.jpg 75w, https:\/\/www.pohrebne-sluzby.eu\/creativeflowers\/wp-content\/uploads\/2019\/01\/sluzby-vence-600x599.jpg 600w, https:\/\/www.pohrebne-sluzby.eu\/creativeflowers\/wp-content\/uploads\/2019\/01\/sluzby-vence-100x100.jpg 100w, https:\/\/www.pohrebne-sluzby.eu\/creativeflowers\/wp-content\/uploads\/2019\/01\/sluzby-vence.jpg 700w\" sizes=\"(max-width: 250px) 100vw, 250px\" \/><\/a><\/p>\n<h3 style=\"text-align: center; margin-top: 0px; margin-bottom: 10px;\"><a href=\"\/creativeflowers\/zive-vence\/\">\u017div\u00e9 vence<\/a><\/h3>\n<p style=\"text-align: center; font-family: Open Sans;\">Viazanie vencov zo \u017eivej \u010de\u010diny, kvetinov\u00fd servis pre recepcie a jubile\u00e1<\/p>\n<p>[\/vc_column_text]<\/div><div class=\"column-1_4 sc_column_item sc_column_item_4 even\">[vc_column_text]<\/p>\n<h3 style=\"text-align: center; margin-top: 0px; margin-bottom: 10px;\"><a href=\"\/creativeflowers\/doplnky\/\"><img decoding=\"async\" class=\"alignnone size-small_image wp-image-2015\" src=\"https:\/\/www.pohrebne-sluzby.eu\/creativeflowers\/wp-content\/uploads\/2019\/01\/slzuby-doplnky-250x250.jpg\" alt=\"\" width=\"250\" height=\"250\" srcset=\"https:\/\/www.pohrebne-sluzby.eu\/creativeflowers\/wp-content\/uploads\/2019\/01\/slzuby-doplnky-250x250.jpg 250w, https:\/\/www.pohrebne-sluzby.eu\/creativeflowers\/wp-content\/uploads\/2019\/01\/slzuby-doplnky-150x150.jpg 150w, https:\/\/www.pohrebne-sluzby.eu\/creativeflowers\/wp-content\/uploads\/2019\/01\/slzuby-doplnky-300x300.jpg 300w, https:\/\/www.pohrebne-sluzby.eu\/creativeflowers\/wp-content\/uploads\/2019\/01\/slzuby-doplnky-400x400.jpg 400w, https:\/\/www.pohrebne-sluzby.eu\/creativeflowers\/wp-content\/uploads\/2019\/01\/slzuby-doplnky-68x68.jpg 68w, https:\/\/www.pohrebne-sluzby.eu\/creativeflowers\/wp-content\/uploads\/2019\/01\/slzuby-doplnky-350x350.jpg 350w, https:\/\/www.pohrebne-sluzby.eu\/creativeflowers\/wp-content\/uploads\/2019\/01\/slzuby-doplnky-75x75.jpg 75w, https:\/\/www.pohrebne-sluzby.eu\/creativeflowers\/wp-content\/uploads\/2019\/01\/slzuby-doplnky-600x599.jpg 600w, https:\/\/www.pohrebne-sluzby.eu\/creativeflowers\/wp-content\/uploads\/2019\/01\/slzuby-doplnky-100x100.jpg 100w, https:\/\/www.pohrebne-sluzby.eu\/creativeflowers\/wp-content\/uploads\/2019\/01\/slzuby-doplnky.jpg 700w\" sizes=\"(max-width: 250px) 100vw, 250px\" \/><\/a><\/h3>\n<h3 style=\"text-align: center; margin-top: 0px; margin-bottom: 10px;\"><a href=\"\/creativeflowers\/doplnky\/\">Doplnky<\/a><\/h3>\n<p style=\"text-align: center; font-family: Open Sans;\">Doplnkov\u00fd kvetin\u00e1rsky tovar, \u0161irok\u00fa \u0161k\u00e1lu dar\u010dekov\u00fdch predmetov<\/p>\n<p>[\/vc_column_text]<\/div><\/div><\/div><\/div>[\/vc_column][\/vc_row][vc_row][vc_column css=&#8220;.vc_custom_1567183632269{padding-top: 5.5em !important;padding-bottom: 5em !important;background-image: url(https:\/\/www.pohrebne-sluzby.eu\/creativeflowers\/wp-content\/uploads\/2019\/08\/white_bg.jpg?id=2088) !important;}&#8220;]<div class=\"sc_content content_wrap\" data-animation=\"animated fadeInUp normal\"><div class=\"sc_section\"><div class=\"columns_wrap sc_columns columns_nofluid sc_columns_count_2\"><div class=\"column-1_2 sc_column_item sc_column_item_1 odd first\">[vc_column_text css=&#8220;.vc_custom_1548256801817{padding-left: 2em !important;}&#8220;]<\/p>\n<h3 style=\"margin-top: 0px;\">O N\u00c1S<\/h3>\n<p>Ke\u010f\u017ee kvety zohr\u00e1vaj\u00fa nemal\u00fa \u00falohu v na\u0161om osobnom a spolo\u010denskom \u017eivote, preto pri ich v\u00fdbere je d\u00f4le\u017eit\u00e9 obr\u00e1ti\u0165 sa na t\u00fdch spr\u00e1vnych aran\u017e\u00e9rov, ktor\u00ed do kyt\u00edc a v\u00fdzdoby vlo\u017eia srdce, profesionalitu, k\u00fasok umenia, roky sk\u00fasenost\u00ed a vysok\u00fa kvalitu pou\u017eit\u00fdch rastl\u00edn.<\/p>\n<p>Na\u0161a firma sa orientuje na potreby z\u00e1kazn\u00edka, prekonzultuje v\u0161etky potrebn\u00e9 detaily a pru\u017ene reaguje na jeho po\u017eiadavky. Zaklad\u00e1me si na individu\u00e1lnom pr\u00edstupe, flexibilite a r\u00fdchlosti.<\/p>\n<p>Te\u0161\u00edme sa, a bude n\u00e1m nesmierne ve\u013ekou c\u0165ou, \u017ee i Vy roz\u0161\u00edrite rady na\u0161ich spokojn\u00fdch z\u00e1kazn\u00edkov. Preto n\u00e1m dovo\u013ete, aby sme V\u00e1m po\u010fakovali za prejaven\u00fa d\u00f4veru.[\/vc_column_text]<\/div><div class=\"column-1_2 sc_column_item sc_column_item_2 even\"><figure class=\"sc_image  sc_image_shape_square\" style=\"width:70%;\"><div style=\"padding: 0.4em; padding-bottom: 0;\"><img decoding=\"async\" src=\"https:\/\/www.pohrebne-sluzby.eu\/creativeflowers\/wp-content\/uploads\/2019\/01\/kytica-uvod-2.png\" alt=\"\" \/><\/div><\/figure><\/div><\/div><\/div><\/div>[\/vc_column][\/vc_row][vc_row][vc_column]<!-- #TRX_GAP_START# --><div class=\"sc_parallax bg_tint_light\" style=\"width:100%;height:350px;color:#ffffff;\" data-parallax-speed=\"0.4\" data-parallax-x-pos=\"50%\" data-parallax-y-pos=\"50%\"><div class=\"sc_parallax_content\" style=\"background-image:url(https:\/\/www.pohrebne-sluzby.eu\/creativeflowers\/wp-content\/uploads\/2019\/01\/paralax2.jpg); background-position:50% 50%;\">[vc_column_text css=&#8220;.vc_custom_1548255747088{padding-top: 4em !important;padding-bottom: 4em !important;}&#8220;]<\/p>\n<h2 style=\"text-align: center;\"><span style=\"color: #ffffff; line-height: 1.3em;\">Rezan\u00e9 i \u010drepn\u00edkov\u00e9 kvety, sm\u00fato\u010dn\u00e9 vence a kytice, kahance, svie\u010dky, dar\u010dekov\u00e9 predmety, dekor\u00e1cie, aran\u017em\u00e1, \u010drepn\u00edky, zemina na kvety.<br \/>\n<\/span><\/h2>\n<p>[\/vc_column_text]<\/div><\/div><!-- #TRX_GAP_END# -->[\/vc_column][\/vc_row]<\/p>\n<\/div>","protected":false},"excerpt":{"rendered":"<p>[vc_row][vc_column css=&#8220;.vc_custom_1567183621915{padding-top: 5.5em !important;padding-bottom: 5em !important;background-image: url(https:\/\/www.pohrebne-sluzby.eu\/creativeflowers\/wp-content\/uploads\/2019\/08\/white_bg.jpg?id=2088) !important;}&#8220;][\/vc_column][\/vc_row][vc_row][vc_column][\/vc_column][\/vc_row][vc_row][vc_column css=&#8220;.vc_custom_1567183632269{padding-top: 5.5em !important;padding-bottom: 5em !important;background-image: url(https:\/\/www.pohrebne-sluzby.eu\/creativeflowers\/wp-content\/uploads\/2019\/08\/white_bg.jpg?id=2088) !important;}&#8220;][\/vc_column][\/vc_row][vc_row][vc_column][\/vc_column][\/vc_row]<\/p>\n","protected":false},"author":1,"featured_media":0,"parent":0,"menu_order":0,"comment_status":"open","ping_status":"open","template":"","meta":{"footnotes":""},"class_list":["post-831","page","type-page","status-publish","hentry"],"yoast_head":"<!-- This site is optimized with the Yoast SEO Premium plugin v26.3 (Yoast SEO v27.4) - https:\/\/yoast.com\/product\/yoast-seo-premium-wordpress\/ -->\n<title>Creative Flowers Dob\u0161in\u00e1 - Creative Flowers Kvetin\u00e1rstvo Dob\u0161in\u00e1<\/title>\n<meta name=\"description\" content=\"Rezan\u00e9 i \u010drepn\u00edkov\u00e9 kvety, sm\u00fato\u010dn\u00e9 vence a kytice, kahance, svie\u010dky, dar\u010dekov\u00e9 predmety, dekor\u00e1cie, aran\u017em\u00e1, \u010drepn\u00edky, zemina na kvety.\" \/>\n<meta name=\"robots\" content=\"index, follow, max-snippet:-1, max-image-preview:large, max-video-preview:-1\" \/>\n<link rel=\"canonical\" href=\"https:\/\/www.pohrebne-sluzby.eu\/creativeflowers\/\" \/>\n<meta property=\"og:locale\" content=\"sk_SK\" \/>\n<meta property=\"og:type\" content=\"article\" \/>\n<meta property=\"og:title\" content=\"Creative Flowers Dob\u0161in\u00e1\" \/>\n<meta property=\"og:description\" content=\"Rezan\u00e9 i \u010drepn\u00edkov\u00e9 kvety, sm\u00fato\u010dn\u00e9 vence a kytice, kahance, svie\u010dky, dar\u010dekov\u00e9 predmety, dekor\u00e1cie, aran\u017em\u00e1, \u010drepn\u00edky, zemina na kvety.\" \/>\n<meta property=\"og:url\" content=\"https:\/\/www.pohrebne-sluzby.eu\/creativeflowers\/\" \/>\n<meta property=\"og:site_name\" content=\"Creative Flowers Kvetin\u00e1rstvo Dob\u0161in\u00e1\" \/>\n<meta property=\"article:modified_time\" content=\"2020-03-25T13:09:34+00:00\" \/>\n<meta property=\"og:image\" content=\"https:\/\/www.pohrebne-sluzby.eu\/creativeflowers\/wp-content\/uploads\/2019\/01\/sluzby-kytice-250x250.jpg\" \/>\n<meta name=\"twitter:card\" content=\"summary_large_image\" \/>\n<meta name=\"twitter:label1\" content=\"Predpokladan\u00fd \u010das \u010d\u00edtania\" \/>\n\t<meta name=\"twitter:data1\" content=\"3 min\u00faty\" \/>\n<script type=\"application\/ld+json\" class=\"yoast-schema-graph\">{\"@context\":\"https:\\\/\\\/schema.org\",\"@graph\":[{\"@type\":\"WebPage\",\"@id\":\"https:\\\/\\\/www.pohrebne-sluzby.eu\\\/creativeflowers\\\/\",\"url\":\"https:\\\/\\\/www.pohrebne-sluzby.eu\\\/creativeflowers\\\/\",\"name\":\"Creative Flowers Dob\u0161in\u00e1 - Creative Flowers Kvetin\u00e1rstvo Dob\u0161in\u00e1\",\"isPartOf\":{\"@id\":\"https:\\\/\\\/www.pohrebne-sluzby.eu\\\/creativeflowers\\\/#website\"},\"primaryImageOfPage\":{\"@id\":\"https:\\\/\\\/www.pohrebne-sluzby.eu\\\/creativeflowers\\\/#primaryimage\"},\"image\":{\"@id\":\"https:\\\/\\\/www.pohrebne-sluzby.eu\\\/creativeflowers\\\/#primaryimage\"},\"thumbnailUrl\":\"https:\\\/\\\/www.pohrebne-sluzby.eu\\\/creativeflowers\\\/wp-content\\\/uploads\\\/2019\\\/01\\\/sluzby-kytice-250x250.jpg\",\"datePublished\":\"2015-05-11T09:13:20+00:00\",\"dateModified\":\"2020-03-25T13:09:34+00:00\",\"description\":\"Rezan\u00e9 i \u010drepn\u00edkov\u00e9 kvety, sm\u00fato\u010dn\u00e9 vence a kytice, kahance, svie\u010dky, dar\u010dekov\u00e9 predmety, dekor\u00e1cie, aran\u017em\u00e1, \u010drepn\u00edky, zemina na kvety.\",\"breadcrumb\":{\"@id\":\"https:\\\/\\\/www.pohrebne-sluzby.eu\\\/creativeflowers\\\/#breadcrumb\"},\"inLanguage\":\"sk-SK\",\"potentialAction\":[{\"@type\":\"ReadAction\",\"target\":[\"https:\\\/\\\/www.pohrebne-sluzby.eu\\\/creativeflowers\\\/\"]}]},{\"@type\":\"ImageObject\",\"inLanguage\":\"sk-SK\",\"@id\":\"https:\\\/\\\/www.pohrebne-sluzby.eu\\\/creativeflowers\\\/#primaryimage\",\"url\":\"https:\\\/\\\/www.pohrebne-sluzby.eu\\\/creativeflowers\\\/wp-content\\\/uploads\\\/2019\\\/01\\\/sluzby-kytice.jpg\",\"contentUrl\":\"https:\\\/\\\/www.pohrebne-sluzby.eu\\\/creativeflowers\\\/wp-content\\\/uploads\\\/2019\\\/01\\\/sluzby-kytice.jpg\",\"width\":700,\"height\":699},{\"@type\":\"BreadcrumbList\",\"@id\":\"https:\\\/\\\/www.pohrebne-sluzby.eu\\\/creativeflowers\\\/#breadcrumb\",\"itemListElement\":[{\"@type\":\"ListItem\",\"position\":1,\"name\":\"Home\",\"item\":\"https:\\\/\\\/www.pohrebne-sluzby.eu\\\/creativeflowers\\\/\"},{\"@type\":\"ListItem\",\"position\":2,\"name\":\"Creative Flowers Dob\u0161in\u00e1\"}]},{\"@type\":\"WebSite\",\"@id\":\"https:\\\/\\\/www.pohrebne-sluzby.eu\\\/creativeflowers\\\/#website\",\"url\":\"https:\\\/\\\/www.pohrebne-sluzby.eu\\\/creativeflowers\\\/\",\"name\":\"Creative Flowers Kvetin\u00e1rstvo Dob\u0161in\u00e1\",\"description\":\"\",\"publisher\":{\"@id\":\"https:\\\/\\\/www.pohrebne-sluzby.eu\\\/creativeflowers\\\/#organization\"},\"potentialAction\":[{\"@type\":\"SearchAction\",\"target\":{\"@type\":\"EntryPoint\",\"urlTemplate\":\"https:\\\/\\\/www.pohrebne-sluzby.eu\\\/creativeflowers\\\/?s={search_term_string}\"},\"query-input\":{\"@type\":\"PropertyValueSpecification\",\"valueRequired\":true,\"valueName\":\"search_term_string\"}}],\"inLanguage\":\"sk-SK\"},{\"@type\":\"Organization\",\"@id\":\"https:\\\/\\\/www.pohrebne-sluzby.eu\\\/creativeflowers\\\/#organization\",\"name\":\"Creative Flowers Kvetin\u00e1rstvo Dob\u0161in\u00e1\",\"url\":\"https:\\\/\\\/www.pohrebne-sluzby.eu\\\/creativeflowers\\\/\",\"logo\":{\"@type\":\"ImageObject\",\"inLanguage\":\"sk-SK\",\"@id\":\"https:\\\/\\\/www.pohrebne-sluzby.eu\\\/creativeflowers\\\/#\\\/schema\\\/logo\\\/image\\\/\",\"url\":\"https:\\\/\\\/www.pohrebne-sluzby.eu\\\/creativeflowers\\\/wp-content\\\/uploads\\\/2019\\\/01\\\/logo-footer-1.png\",\"contentUrl\":\"https:\\\/\\\/www.pohrebne-sluzby.eu\\\/creativeflowers\\\/wp-content\\\/uploads\\\/2019\\\/01\\\/logo-footer-1.png\",\"width\":220,\"height\":47,\"caption\":\"Creative Flowers Kvetin\u00e1rstvo Dob\u0161in\u00e1\"},\"image\":{\"@id\":\"https:\\\/\\\/www.pohrebne-sluzby.eu\\\/creativeflowers\\\/#\\\/schema\\\/logo\\\/image\\\/\"}}]}<\/script>\n<!-- \/ Yoast SEO Premium plugin. -->","yoast_head_json":{"title":"Creative Flowers Dob\u0161in\u00e1 - Creative Flowers Kvetin\u00e1rstvo Dob\u0161in\u00e1","description":"Rezan\u00e9 i \u010drepn\u00edkov\u00e9 kvety, sm\u00fato\u010dn\u00e9 vence a kytice, kahance, svie\u010dky, dar\u010dekov\u00e9 predmety, dekor\u00e1cie, aran\u017em\u00e1, \u010drepn\u00edky, zemina na kvety.","robots":{"index":"index","follow":"follow","max-snippet":"max-snippet:-1","max-image-preview":"max-image-preview:large","max-video-preview":"max-video-preview:-1"},"canonical":"https:\/\/www.pohrebne-sluzby.eu\/creativeflowers\/","og_locale":"sk_SK","og_type":"article","og_title":"Creative Flowers Dob\u0161in\u00e1","og_description":"Rezan\u00e9 i \u010drepn\u00edkov\u00e9 kvety, sm\u00fato\u010dn\u00e9 vence a kytice, kahance, svie\u010dky, dar\u010dekov\u00e9 predmety, dekor\u00e1cie, aran\u017em\u00e1, \u010drepn\u00edky, zemina na kvety.","og_url":"https:\/\/www.pohrebne-sluzby.eu\/creativeflowers\/","og_site_name":"Creative Flowers Kvetin\u00e1rstvo Dob\u0161in\u00e1","article_modified_time":"2020-03-25T13:09:34+00:00","og_image":[{"url":"https:\/\/www.pohrebne-sluzby.eu\/creativeflowers\/wp-content\/uploads\/2019\/01\/sluzby-kytice-250x250.jpg","type":"","width":"","height":""}],"twitter_card":"summary_large_image","twitter_misc":{"Predpokladan\u00fd \u010das \u010d\u00edtania":"3 min\u00faty"},"schema":{"@context":"https:\/\/schema.org","@graph":[{"@type":"WebPage","@id":"https:\/\/www.pohrebne-sluzby.eu\/creativeflowers\/","url":"https:\/\/www.pohrebne-sluzby.eu\/creativeflowers\/","name":"Creative Flowers Dob\u0161in\u00e1 - Creative Flowers Kvetin\u00e1rstvo Dob\u0161in\u00e1","isPartOf":{"@id":"https:\/\/www.pohrebne-sluzby.eu\/creativeflowers\/#website"},"primaryImageOfPage":{"@id":"https:\/\/www.pohrebne-sluzby.eu\/creativeflowers\/#primaryimage"},"image":{"@id":"https:\/\/www.pohrebne-sluzby.eu\/creativeflowers\/#primaryimage"},"thumbnailUrl":"https:\/\/www.pohrebne-sluzby.eu\/creativeflowers\/wp-content\/uploads\/2019\/01\/sluzby-kytice-250x250.jpg","datePublished":"2015-05-11T09:13:20+00:00","dateModified":"2020-03-25T13:09:34+00:00","description":"Rezan\u00e9 i \u010drepn\u00edkov\u00e9 kvety, sm\u00fato\u010dn\u00e9 vence a kytice, kahance, svie\u010dky, dar\u010dekov\u00e9 predmety, dekor\u00e1cie, aran\u017em\u00e1, \u010drepn\u00edky, zemina na kvety.","breadcrumb":{"@id":"https:\/\/www.pohrebne-sluzby.eu\/creativeflowers\/#breadcrumb"},"inLanguage":"sk-SK","potentialAction":[{"@type":"ReadAction","target":["https:\/\/www.pohrebne-sluzby.eu\/creativeflowers\/"]}]},{"@type":"ImageObject","inLanguage":"sk-SK","@id":"https:\/\/www.pohrebne-sluzby.eu\/creativeflowers\/#primaryimage","url":"https:\/\/www.pohrebne-sluzby.eu\/creativeflowers\/wp-content\/uploads\/2019\/01\/sluzby-kytice.jpg","contentUrl":"https:\/\/www.pohrebne-sluzby.eu\/creativeflowers\/wp-content\/uploads\/2019\/01\/sluzby-kytice.jpg","width":700,"height":699},{"@type":"BreadcrumbList","@id":"https:\/\/www.pohrebne-sluzby.eu\/creativeflowers\/#breadcrumb","itemListElement":[{"@type":"ListItem","position":1,"name":"Home","item":"https:\/\/www.pohrebne-sluzby.eu\/creativeflowers\/"},{"@type":"ListItem","position":2,"name":"Creative Flowers Dob\u0161in\u00e1"}]},{"@type":"WebSite","@id":"https:\/\/www.pohrebne-sluzby.eu\/creativeflowers\/#website","url":"https:\/\/www.pohrebne-sluzby.eu\/creativeflowers\/","name":"Creative Flowers Kvetin\u00e1rstvo Dob\u0161in\u00e1","description":"","publisher":{"@id":"https:\/\/www.pohrebne-sluzby.eu\/creativeflowers\/#organization"},"potentialAction":[{"@type":"SearchAction","target":{"@type":"EntryPoint","urlTemplate":"https:\/\/www.pohrebne-sluzby.eu\/creativeflowers\/?s={search_term_string}"},"query-input":{"@type":"PropertyValueSpecification","valueRequired":true,"valueName":"search_term_string"}}],"inLanguage":"sk-SK"},{"@type":"Organization","@id":"https:\/\/www.pohrebne-sluzby.eu\/creativeflowers\/#organization","name":"Creative Flowers Kvetin\u00e1rstvo Dob\u0161in\u00e1","url":"https:\/\/www.pohrebne-sluzby.eu\/creativeflowers\/","logo":{"@type":"ImageObject","inLanguage":"sk-SK","@id":"https:\/\/www.pohrebne-sluzby.eu\/creativeflowers\/#\/schema\/logo\/image\/","url":"https:\/\/www.pohrebne-sluzby.eu\/creativeflowers\/wp-content\/uploads\/2019\/01\/logo-footer-1.png","contentUrl":"https:\/\/www.pohrebne-sluzby.eu\/creativeflowers\/wp-content\/uploads\/2019\/01\/logo-footer-1.png","width":220,"height":47,"caption":"Creative Flowers Kvetin\u00e1rstvo Dob\u0161in\u00e1"},"image":{"@id":"https:\/\/www.pohrebne-sluzby.eu\/creativeflowers\/#\/schema\/logo\/image\/"}}]}},"_links":{"self":[{"href":"https:\/\/www.pohrebne-sluzby.eu\/creativeflowers\/wp-json\/wp\/v2\/pages\/831","targetHints":{"allow":["GET"]}}],"collection":[{"href":"https:\/\/www.pohrebne-sluzby.eu\/creativeflowers\/wp-json\/wp\/v2\/pages"}],"about":[{"href":"https:\/\/www.pohrebne-sluzby.eu\/creativeflowers\/wp-json\/wp\/v2\/types\/page"}],"author":[{"embeddable":true,"href":"https:\/\/www.pohrebne-sluzby.eu\/creativeflowers\/wp-json\/wp\/v2\/users\/1"}],"replies":[{"embeddable":true,"href":"https:\/\/www.pohrebne-sluzby.eu\/creativeflowers\/wp-json\/wp\/v2\/comments?post=831"}],"version-history":[{"count":39,"href":"https:\/\/www.pohrebne-sluzby.eu\/creativeflowers\/wp-json\/wp\/v2\/pages\/831\/revisions"}],"predecessor-version":[{"id":2110,"href":"https:\/\/www.pohrebne-sluzby.eu\/creativeflowers\/wp-json\/wp\/v2\/pages\/831\/revisions\/2110"}],"wp:attachment":[{"href":"https:\/\/www.pohrebne-sluzby.eu\/creativeflowers\/wp-json\/wp\/v2\/media?parent=831"}],"curies":[{"name":"wp","href":"https:\/\/api.w.org\/{rel}","templated":true}]}}