{"id":1669,"date":"2019-01-22T14:22:39","date_gmt":"2019-01-22T14:22:39","guid":{"rendered":"https:\/\/www.pohrebne-sluzby.eu\/creativeflowers\/?page_id=1669"},"modified":"2019-01-23T10:20:58","modified_gmt":"2019-01-23T10:20:58","slug":"ikebany","status":"publish","type":"page","link":"https:\/\/www.pohrebne-sluzby.eu\/creativeflowers\/ikebany\/","title":{"rendered":"Ikebany"},"content":{"rendered":"<div class=\"wpb-content-wrapper\"><p>[vc_row][vc_column]<div id=\"69ef33b8151f6\" class=\"gg_gallery_wrap gg_standard_gallery gid_1632 gg_hidden_ol gg_ol_bottom_mode gg_main_ol_show_on_h \" data-gg_ol=\"default\"  data-ggom_fx=\"\" data-ggom_timing=\"300\" rel=\"1632\" data-nores-txt=\"No images found in this page\">      <div class=\"gg_loader\">  <div class=\"ggl_1\"><\/div>  <div class=\"ggl_2\"><\/div>  <div class=\"ggl_3\"><\/div>  <div class=\"ggl_4\"><\/div><\/div>  <div class=\"gg_container\"><div class=\"gg_img \" data-gg-url=\"https:\/\/www.pohrebne-sluzby.eu\/creativeflowers\/wp-content\/uploads\/2019\/01\/P1070629.jpg\" data-gg-title=\"P1070629\" data-gg-author=\"\" data-gg-descr=\"\" data-img-id=\"0\" rel=\"1632\">  <div class=\"gg_img_inner\"><div class=\"gg_main_img_wrap\"><img decoding=\"async\" src=\"\" data-gg-lazy-src=\"\/\/www.pohrebne-sluzby.eu\/creativeflowers\/wp-content\/uploads\/ewpt_cache\/300x400_90_1_c_FFFFFF_51631936e2ba929b6ea0283b0ad75977.jpg\" alt=\"P1070629\" class=\"gg_photo gg_main_thumb\" \/><noscript><img decoding=\"async\" src=\"https:\/\/www.pohrebne-sluzby.eu\/creativeflowers\/wp-content\/uploads\/2019\/01\/P1070629.jpg\" alt=\"P1070629\" \/><\/noscript><\/div><div class=\"gg_overlays\"><\/div><\/div><\/div><div class=\"gg_img \" data-gg-url=\"https:\/\/www.pohrebne-sluzby.eu\/creativeflowers\/wp-content\/uploads\/2019\/01\/P1070628.jpg\" data-gg-title=\"P1070628\" data-gg-author=\"\" data-gg-descr=\"\" data-img-id=\"1\" rel=\"1632\">  <div class=\"gg_img_inner\"><div class=\"gg_main_img_wrap\"><img decoding=\"async\" src=\"\" data-gg-lazy-src=\"\/\/www.pohrebne-sluzby.eu\/creativeflowers\/wp-content\/uploads\/ewpt_cache\/300x400_90_1_c_FFFFFF_4b7dfb6391f95c322e5d88e5d9fdc1b3.jpg\" alt=\"P1070628\" class=\"gg_photo gg_main_thumb\" \/><noscript><img decoding=\"async\" src=\"https:\/\/www.pohrebne-sluzby.eu\/creativeflowers\/wp-content\/uploads\/2019\/01\/P1070628.jpg\" alt=\"P1070628\" \/><\/noscript><\/div><div class=\"gg_overlays\"><\/div><\/div><\/div><div class=\"gg_img \" data-gg-url=\"https:\/\/www.pohrebne-sluzby.eu\/creativeflowers\/wp-content\/uploads\/2019\/01\/P1070624.jpg\" data-gg-title=\"P1070624\" data-gg-author=\"\" data-gg-descr=\"\" data-img-id=\"2\" rel=\"1632\">  <div class=\"gg_img_inner\"><div class=\"gg_main_img_wrap\"><img decoding=\"async\" src=\"\" data-gg-lazy-src=\"\/\/www.pohrebne-sluzby.eu\/creativeflowers\/wp-content\/uploads\/ewpt_cache\/300x400_90_1_c_FFFFFF_c7646f57ac3bc9fc85b436b9ffcc68a4.jpg\" alt=\"P1070624\" class=\"gg_photo gg_main_thumb\" \/><noscript><img decoding=\"async\" src=\"https:\/\/www.pohrebne-sluzby.eu\/creativeflowers\/wp-content\/uploads\/2019\/01\/P1070624.jpg\" alt=\"P1070624\" \/><\/noscript><\/div><div class=\"gg_overlays\"><\/div><\/div><\/div><div class=\"gg_img \" data-gg-url=\"https:\/\/www.pohrebne-sluzby.eu\/creativeflowers\/wp-content\/uploads\/2019\/01\/P1070134.jpg\" data-gg-title=\"P1070134\" data-gg-author=\"\" data-gg-descr=\"\" data-img-id=\"3\" rel=\"1632\">  <div class=\"gg_img_inner\"><div class=\"gg_main_img_wrap\"><img decoding=\"async\" src=\"\" data-gg-lazy-src=\"\/\/www.pohrebne-sluzby.eu\/creativeflowers\/wp-content\/uploads\/ewpt_cache\/300x400_90_1_c_FFFFFF_7d2ecd2899defe861bc830734da4ee68.jpg\" alt=\"P1070134\" class=\"gg_photo gg_main_thumb\" \/><noscript><img decoding=\"async\" src=\"https:\/\/www.pohrebne-sluzby.eu\/creativeflowers\/wp-content\/uploads\/2019\/01\/P1070134.jpg\" alt=\"P1070134\" \/><\/noscript><\/div><div class=\"gg_overlays\"><\/div><\/div><\/div><div class=\"gg_img \" data-gg-url=\"https:\/\/www.pohrebne-sluzby.eu\/creativeflowers\/wp-content\/uploads\/2019\/01\/P1070133.jpg\" data-gg-title=\"P1070133\" data-gg-author=\"\" data-gg-descr=\"\" data-img-id=\"4\" rel=\"1632\">  <div class=\"gg_img_inner\"><div class=\"gg_main_img_wrap\"><img decoding=\"async\" src=\"\" data-gg-lazy-src=\"\/\/www.pohrebne-sluzby.eu\/creativeflowers\/wp-content\/uploads\/ewpt_cache\/300x400_90_1_c_FFFFFF_091049af5c545e7bffc6b27c6a2337c1.jpg\" alt=\"P1070133\" class=\"gg_photo gg_main_thumb\" \/><noscript><img decoding=\"async\" src=\"https:\/\/www.pohrebne-sluzby.eu\/creativeflowers\/wp-content\/uploads\/2019\/01\/P1070133.jpg\" alt=\"P1070133\" \/><\/noscript><\/div><div class=\"gg_overlays\"><\/div><\/div><\/div><div class=\"gg_img \" data-gg-url=\"https:\/\/www.pohrebne-sluzby.eu\/creativeflowers\/wp-content\/uploads\/2019\/01\/P1070130.jpg\" data-gg-title=\"P1070130\" data-gg-author=\"\" data-gg-descr=\"\" data-img-id=\"5\" rel=\"1632\">  <div class=\"gg_img_inner\"><div class=\"gg_main_img_wrap\"><img decoding=\"async\" src=\"\" data-gg-lazy-src=\"\/\/www.pohrebne-sluzby.eu\/creativeflowers\/wp-content\/uploads\/ewpt_cache\/300x400_90_1_c_FFFFFF_2472dfd47c26edfeb564e4e6188db641.jpg\" alt=\"P1070130\" class=\"gg_photo gg_main_thumb\" \/><noscript><img decoding=\"async\" src=\"https:\/\/www.pohrebne-sluzby.eu\/creativeflowers\/wp-content\/uploads\/2019\/01\/P1070130.jpg\" alt=\"P1070130\" \/><\/noscript><\/div><div class=\"gg_overlays\"><\/div><\/div><\/div><div class=\"gg_img \" data-gg-url=\"https:\/\/www.pohrebne-sluzby.eu\/creativeflowers\/wp-content\/uploads\/2019\/01\/P1070128.jpg\" data-gg-title=\"P1070128\" data-gg-author=\"\" data-gg-descr=\"\" data-img-id=\"6\" rel=\"1632\">  <div class=\"gg_img_inner\"><div class=\"gg_main_img_wrap\"><img decoding=\"async\" src=\"\" data-gg-lazy-src=\"\/\/www.pohrebne-sluzby.eu\/creativeflowers\/wp-content\/uploads\/ewpt_cache\/300x400_90_1_c_FFFFFF_7bf029e2192dfa8d1ddec7fef9cea504.jpg\" alt=\"P1070128\" class=\"gg_photo gg_main_thumb\" \/><noscript><img decoding=\"async\" src=\"https:\/\/www.pohrebne-sluzby.eu\/creativeflowers\/wp-content\/uploads\/2019\/01\/P1070128.jpg\" alt=\"P1070128\" \/><\/noscript><\/div><div class=\"gg_overlays\"><\/div><\/div><\/div><div class=\"gg_img \" data-gg-url=\"https:\/\/www.pohrebne-sluzby.eu\/creativeflowers\/wp-content\/uploads\/2019\/01\/P1070126.jpg\" data-gg-title=\"P1070126\" data-gg-author=\"\" data-gg-descr=\"\" data-img-id=\"7\" rel=\"1632\">  <div class=\"gg_img_inner\"><div class=\"gg_main_img_wrap\"><img decoding=\"async\" src=\"\" data-gg-lazy-src=\"\/\/www.pohrebne-sluzby.eu\/creativeflowers\/wp-content\/uploads\/ewpt_cache\/300x400_90_1_c_FFFFFF_17a20e0a8cfcf23f31fd2211495d712f.jpg\" alt=\"P1070126\" class=\"gg_photo gg_main_thumb\" \/><noscript><img decoding=\"async\" src=\"https:\/\/www.pohrebne-sluzby.eu\/creativeflowers\/wp-content\/uploads\/2019\/01\/P1070126.jpg\" alt=\"P1070126\" \/><\/noscript><\/div><div class=\"gg_overlays\"><\/div><\/div><\/div><div class=\"gg_img \" data-gg-url=\"https:\/\/www.pohrebne-sluzby.eu\/creativeflowers\/wp-content\/uploads\/2019\/01\/P1070100.jpg\" data-gg-title=\"P1070100\" data-gg-author=\"\" data-gg-descr=\"\" data-img-id=\"8\" rel=\"1632\">  <div class=\"gg_img_inner\"><div class=\"gg_main_img_wrap\"><img decoding=\"async\" src=\"\" data-gg-lazy-src=\"\/\/www.pohrebne-sluzby.eu\/creativeflowers\/wp-content\/uploads\/ewpt_cache\/300x400_90_1_c_FFFFFF_4b16955c499f6d54a0b605d443496ebf.jpg\" alt=\"P1070100\" class=\"gg_photo gg_main_thumb\" \/><noscript><img decoding=\"async\" src=\"https:\/\/www.pohrebne-sluzby.eu\/creativeflowers\/wp-content\/uploads\/2019\/01\/P1070100.jpg\" alt=\"P1070100\" \/><\/noscript><\/div><div class=\"gg_overlays\"><\/div><\/div><\/div><div class=\"gg_img \" data-gg-url=\"https:\/\/www.pohrebne-sluzby.eu\/creativeflowers\/wp-content\/uploads\/2019\/01\/P1070098.jpg\" data-gg-title=\"P1070098\" data-gg-author=\"\" data-gg-descr=\"\" data-img-id=\"9\" rel=\"1632\">  <div class=\"gg_img_inner\"><div class=\"gg_main_img_wrap\"><img decoding=\"async\" src=\"\" data-gg-lazy-src=\"\/\/www.pohrebne-sluzby.eu\/creativeflowers\/wp-content\/uploads\/ewpt_cache\/300x400_90_1_c_FFFFFF_99b5a0be329daed8aec9823ac9f193e3.jpg\" alt=\"P1070098\" class=\"gg_photo gg_main_thumb\" \/><noscript><img decoding=\"async\" src=\"https:\/\/www.pohrebne-sluzby.eu\/creativeflowers\/wp-content\/uploads\/2019\/01\/P1070098.jpg\" alt=\"P1070098\" \/><\/noscript><\/div><div class=\"gg_overlays\"><\/div><\/div><\/div><div class=\"gg_img \" data-gg-url=\"https:\/\/www.pohrebne-sluzby.eu\/creativeflowers\/wp-content\/uploads\/2019\/01\/P1070823.jpg\" data-gg-title=\"P1070823\" data-gg-author=\"\" data-gg-descr=\"\" data-img-id=\"10\" rel=\"1632\">  <div class=\"gg_img_inner\"><div class=\"gg_main_img_wrap\"><img decoding=\"async\" src=\"\" data-gg-lazy-src=\"\/\/www.pohrebne-sluzby.eu\/creativeflowers\/wp-content\/uploads\/ewpt_cache\/300x400_90_1_c_FFFFFF_f64b0577a039ab7ad5a86d488a4335bf.jpg\" alt=\"P1070823\" class=\"gg_photo gg_main_thumb\" \/><noscript><img decoding=\"async\" src=\"https:\/\/www.pohrebne-sluzby.eu\/creativeflowers\/wp-content\/uploads\/2019\/01\/P1070823.jpg\" alt=\"P1070823\" \/><\/noscript><\/div><div class=\"gg_overlays\"><\/div><\/div><\/div><div class=\"gg_img \" data-gg-url=\"https:\/\/www.pohrebne-sluzby.eu\/creativeflowers\/wp-content\/uploads\/2019\/01\/P1070821.jpg\" data-gg-title=\"P1070821\" data-gg-author=\"\" data-gg-descr=\"\" data-img-id=\"11\" rel=\"1632\">  <div class=\"gg_img_inner\"><div class=\"gg_main_img_wrap\"><img decoding=\"async\" src=\"\" data-gg-lazy-src=\"\/\/www.pohrebne-sluzby.eu\/creativeflowers\/wp-content\/uploads\/ewpt_cache\/300x400_90_1_c_FFFFFF_e24a54b636503f2eb3d990515e191653.jpg\" alt=\"P1070821\" class=\"gg_photo gg_main_thumb\" \/><noscript><img decoding=\"async\" src=\"https:\/\/www.pohrebne-sluzby.eu\/creativeflowers\/wp-content\/uploads\/2019\/01\/P1070821.jpg\" alt=\"P1070821\" \/><\/noscript><\/div><div class=\"gg_overlays\"><\/div><\/div><\/div><div class=\"gg_img \" data-gg-url=\"https:\/\/www.pohrebne-sluzby.eu\/creativeflowers\/wp-content\/uploads\/2019\/01\/P1070803.jpg\" data-gg-title=\"P1070803\" data-gg-author=\"\" data-gg-descr=\"\" data-img-id=\"12\" rel=\"1632\">  <div class=\"gg_img_inner\"><div class=\"gg_main_img_wrap\"><img decoding=\"async\" src=\"\" data-gg-lazy-src=\"\/\/www.pohrebne-sluzby.eu\/creativeflowers\/wp-content\/uploads\/ewpt_cache\/300x400_90_1_c_FFFFFF_e26f7af6707053fb968050bb415dc178.jpg\" alt=\"P1070803\" class=\"gg_photo gg_main_thumb\" \/><noscript><img decoding=\"async\" src=\"https:\/\/www.pohrebne-sluzby.eu\/creativeflowers\/wp-content\/uploads\/2019\/01\/P1070803.jpg\" alt=\"P1070803\" \/><\/noscript><\/div><div class=\"gg_overlays\"><\/div><\/div><\/div><div class=\"gg_img \" data-gg-url=\"https:\/\/www.pohrebne-sluzby.eu\/creativeflowers\/wp-content\/uploads\/2019\/01\/P1070797.jpg\" data-gg-title=\"P1070797\" data-gg-author=\"\" data-gg-descr=\"\" data-img-id=\"13\" rel=\"1632\">  <div class=\"gg_img_inner\"><div class=\"gg_main_img_wrap\"><img decoding=\"async\" src=\"\" data-gg-lazy-src=\"\/\/www.pohrebne-sluzby.eu\/creativeflowers\/wp-content\/uploads\/ewpt_cache\/300x400_90_1_c_FFFFFF_d01beeb1e77c57a6506a1b238dda8b00.jpg\" alt=\"P1070797\" class=\"gg_photo gg_main_thumb\" \/><noscript><img decoding=\"async\" src=\"https:\/\/www.pohrebne-sluzby.eu\/creativeflowers\/wp-content\/uploads\/2019\/01\/P1070797.jpg\" alt=\"P1070797\" \/><\/noscript><\/div><div class=\"gg_overlays\"><\/div><\/div><\/div><div class=\"gg_img \" data-gg-url=\"https:\/\/www.pohrebne-sluzby.eu\/creativeflowers\/wp-content\/uploads\/2019\/01\/P1070788.jpg\" data-gg-title=\"P1070788\" data-gg-author=\"\" data-gg-descr=\"\" data-img-id=\"14\" rel=\"1632\">  <div class=\"gg_img_inner\"><div class=\"gg_main_img_wrap\"><img decoding=\"async\" src=\"\" data-gg-lazy-src=\"\/\/www.pohrebne-sluzby.eu\/creativeflowers\/wp-content\/uploads\/ewpt_cache\/300x400_90_1_c_FFFFFF_0cc5536ec94e5b51f504190c2f9e2ce6.jpg\" alt=\"P1070788\" class=\"gg_photo gg_main_thumb\" \/><noscript><img decoding=\"async\" src=\"https:\/\/www.pohrebne-sluzby.eu\/creativeflowers\/wp-content\/uploads\/2019\/01\/P1070788.jpg\" alt=\"P1070788\" \/><\/noscript><\/div><div class=\"gg_overlays\"><\/div><\/div><\/div><div class=\"gg_img \" data-gg-url=\"https:\/\/www.pohrebne-sluzby.eu\/creativeflowers\/wp-content\/uploads\/2019\/01\/P1070787.jpg\" data-gg-title=\"P1070787\" data-gg-author=\"\" data-gg-descr=\"\" data-img-id=\"15\" rel=\"1632\">  <div class=\"gg_img_inner\"><div class=\"gg_main_img_wrap\"><img decoding=\"async\" src=\"\" data-gg-lazy-src=\"\/\/www.pohrebne-sluzby.eu\/creativeflowers\/wp-content\/uploads\/ewpt_cache\/300x400_90_1_c_FFFFFF_1f52357af34f6a59ea230bfa57b5c5fb.jpg\" alt=\"P1070787\" class=\"gg_photo gg_main_thumb\" \/><noscript><img decoding=\"async\" src=\"https:\/\/www.pohrebne-sluzby.eu\/creativeflowers\/wp-content\/uploads\/2019\/01\/P1070787.jpg\" alt=\"P1070787\" \/><\/noscript><\/div><div class=\"gg_overlays\"><\/div><\/div><\/div><div class=\"gg_img \" data-gg-url=\"https:\/\/www.pohrebne-sluzby.eu\/creativeflowers\/wp-content\/uploads\/2019\/01\/P1070786.jpg\" data-gg-title=\"P1070786\" data-gg-author=\"\" data-gg-descr=\"\" data-img-id=\"16\" rel=\"1632\">  <div class=\"gg_img_inner\"><div class=\"gg_main_img_wrap\"><img decoding=\"async\" src=\"\" data-gg-lazy-src=\"\/\/www.pohrebne-sluzby.eu\/creativeflowers\/wp-content\/uploads\/ewpt_cache\/300x400_90_1_c_FFFFFF_22ae586176dee9a48d314360c06c4687.jpg\" alt=\"P1070786\" class=\"gg_photo gg_main_thumb\" \/><noscript><img decoding=\"async\" src=\"https:\/\/www.pohrebne-sluzby.eu\/creativeflowers\/wp-content\/uploads\/2019\/01\/P1070786.jpg\" alt=\"P1070786\" \/><\/noscript><\/div><div class=\"gg_overlays\"><\/div><\/div><\/div><div class=\"gg_img \" data-gg-url=\"https:\/\/www.pohrebne-sluzby.eu\/creativeflowers\/wp-content\/uploads\/2019\/01\/P1070781.jpg\" data-gg-title=\"P1070781\" data-gg-author=\"\" data-gg-descr=\"\" data-img-id=\"17\" rel=\"1632\">  <div class=\"gg_img_inner\"><div class=\"gg_main_img_wrap\"><img decoding=\"async\" src=\"\" data-gg-lazy-src=\"\/\/www.pohrebne-sluzby.eu\/creativeflowers\/wp-content\/uploads\/ewpt_cache\/300x400_90_1_c_FFFFFF_3846b0c95a064bd8ef546f271a9e2307.jpg\" alt=\"P1070781\" class=\"gg_photo gg_main_thumb\" \/><noscript><img decoding=\"async\" src=\"https:\/\/www.pohrebne-sluzby.eu\/creativeflowers\/wp-content\/uploads\/2019\/01\/P1070781.jpg\" alt=\"P1070781\" \/><\/noscript><\/div><div class=\"gg_overlays\"><\/div><\/div><\/div><\/div><div class=\"gg_paginate gg_pag_light\" gg-random=\"0\" data-gg-totpages=\"2\"><div class=\"gg_infinite_scroll\"><div class=\"gg_nav_left\"><\/div><div class=\"gg_nav_mid\"><span>Na\u010d\u00edta\u0165 \u010fal\u0161ie<\/span><\/div><div class=\"gg_nav_right\"><\/div><\/div><\/div><div style=\"clear: both;\"><\/div><\/div><script type=\"text\/javascript\"> if(typeof(gg_pag_vars) == \"undefined\") {gg_pag_vars = {};}gg_pag_vars[\"69ef33b8151f6\"] = {per_page: 18,watermark : 0,random_trail : \"false\",wp_gall_hash: \"\"};<\/script><script type=\"text\/javascript\"> jQuery(document).ready(function($) { if(typeof(gg_galleries_init) == \"function\") {gg_galleries_init(\"69ef33b8151f6\"); }});<\/script>[\/vc_column][\/vc_row]<\/p>\n<\/div>","protected":false},"excerpt":{"rendered":"<p>[vc_row][vc_column][\/vc_column][\/vc_row]<\/p>\n","protected":false},"author":1,"featured_media":0,"parent":0,"menu_order":0,"comment_status":"open","ping_status":"open","template":"","meta":{"footnotes":""},"class_list":["post-1669","page","type-page","status-publish","hentry"],"yoast_head":"<!-- This site is optimized with the Yoast SEO Premium plugin v26.3 (Yoast SEO v27.4) - https:\/\/yoast.com\/product\/yoast-seo-premium-wordpress\/ -->\n<title>Ikebany - Creative Flowers Kvetin\u00e1rstvo Dob\u0161in\u00e1<\/title>\n<meta name=\"robots\" content=\"index, follow, max-snippet:-1, max-image-preview:large, max-video-preview:-1\" \/>\n<link rel=\"canonical\" href=\"https:\/\/www.pohrebne-sluzby.eu\/creativeflowers\/ikebany\/\" \/>\n<meta property=\"og:locale\" content=\"sk_SK\" \/>\n<meta property=\"og:type\" content=\"article\" \/>\n<meta property=\"og:title\" content=\"Ikebany\" \/>\n<meta property=\"og:description\" content=\"[vc_row][vc_column][\/vc_column][\/vc_row]\" \/>\n<meta property=\"og:url\" content=\"https:\/\/www.pohrebne-sluzby.eu\/creativeflowers\/ikebany\/\" \/>\n<meta property=\"og:site_name\" content=\"Creative Flowers Kvetin\u00e1rstvo Dob\u0161in\u00e1\" \/>\n<meta property=\"article:modified_time\" content=\"2019-01-23T10:20:58+00:00\" \/>\n<meta name=\"twitter:card\" content=\"summary_large_image\" \/>\n<script type=\"application\/ld+json\" class=\"yoast-schema-graph\">{\"@context\":\"https:\\\/\\\/schema.org\",\"@graph\":[{\"@type\":\"WebPage\",\"@id\":\"https:\\\/\\\/www.pohrebne-sluzby.eu\\\/creativeflowers\\\/ikebany\\\/\",\"url\":\"https:\\\/\\\/www.pohrebne-sluzby.eu\\\/creativeflowers\\\/ikebany\\\/\",\"name\":\"Ikebany - Creative Flowers Kvetin\u00e1rstvo Dob\u0161in\u00e1\",\"isPartOf\":{\"@id\":\"https:\\\/\\\/www.pohrebne-sluzby.eu\\\/creativeflowers\\\/#website\"},\"datePublished\":\"2019-01-22T14:22:39+00:00\",\"dateModified\":\"2019-01-23T10:20:58+00:00\",\"breadcrumb\":{\"@id\":\"https:\\\/\\\/www.pohrebne-sluzby.eu\\\/creativeflowers\\\/ikebany\\\/#breadcrumb\"},\"inLanguage\":\"sk-SK\",\"potentialAction\":[{\"@type\":\"ReadAction\",\"target\":[\"https:\\\/\\\/www.pohrebne-sluzby.eu\\\/creativeflowers\\\/ikebany\\\/\"]}]},{\"@type\":\"BreadcrumbList\",\"@id\":\"https:\\\/\\\/www.pohrebne-sluzby.eu\\\/creativeflowers\\\/ikebany\\\/#breadcrumb\",\"itemListElement\":[{\"@type\":\"ListItem\",\"position\":1,\"name\":\"Home\",\"item\":\"https:\\\/\\\/www.pohrebne-sluzby.eu\\\/creativeflowers\\\/\"},{\"@type\":\"ListItem\",\"position\":2,\"name\":\"Ikebany\"}]},{\"@type\":\"WebSite\",\"@id\":\"https:\\\/\\\/www.pohrebne-sluzby.eu\\\/creativeflowers\\\/#website\",\"url\":\"https:\\\/\\\/www.pohrebne-sluzby.eu\\\/creativeflowers\\\/\",\"name\":\"Creative Flowers Kvetin\u00e1rstvo Dob\u0161in\u00e1\",\"description\":\"\",\"publisher\":{\"@id\":\"https:\\\/\\\/www.pohrebne-sluzby.eu\\\/creativeflowers\\\/#organization\"},\"potentialAction\":[{\"@type\":\"SearchAction\",\"target\":{\"@type\":\"EntryPoint\",\"urlTemplate\":\"https:\\\/\\\/www.pohrebne-sluzby.eu\\\/creativeflowers\\\/?s={search_term_string}\"},\"query-input\":{\"@type\":\"PropertyValueSpecification\",\"valueRequired\":true,\"valueName\":\"search_term_string\"}}],\"inLanguage\":\"sk-SK\"},{\"@type\":\"Organization\",\"@id\":\"https:\\\/\\\/www.pohrebne-sluzby.eu\\\/creativeflowers\\\/#organization\",\"name\":\"Creative Flowers Kvetin\u00e1rstvo Dob\u0161in\u00e1\",\"url\":\"https:\\\/\\\/www.pohrebne-sluzby.eu\\\/creativeflowers\\\/\",\"logo\":{\"@type\":\"ImageObject\",\"inLanguage\":\"sk-SK\",\"@id\":\"https:\\\/\\\/www.pohrebne-sluzby.eu\\\/creativeflowers\\\/#\\\/schema\\\/logo\\\/image\\\/\",\"url\":\"https:\\\/\\\/www.pohrebne-sluzby.eu\\\/creativeflowers\\\/wp-content\\\/uploads\\\/2019\\\/01\\\/logo-footer-1.png\",\"contentUrl\":\"https:\\\/\\\/www.pohrebne-sluzby.eu\\\/creativeflowers\\\/wp-content\\\/uploads\\\/2019\\\/01\\\/logo-footer-1.png\",\"width\":220,\"height\":47,\"caption\":\"Creative Flowers Kvetin\u00e1rstvo Dob\u0161in\u00e1\"},\"image\":{\"@id\":\"https:\\\/\\\/www.pohrebne-sluzby.eu\\\/creativeflowers\\\/#\\\/schema\\\/logo\\\/image\\\/\"}}]}<\/script>\n<!-- \/ Yoast SEO Premium plugin. -->","yoast_head_json":{"title":"Ikebany - Creative Flowers Kvetin\u00e1rstvo Dob\u0161in\u00e1","robots":{"index":"index","follow":"follow","max-snippet":"max-snippet:-1","max-image-preview":"max-image-preview:large","max-video-preview":"max-video-preview:-1"},"canonical":"https:\/\/www.pohrebne-sluzby.eu\/creativeflowers\/ikebany\/","og_locale":"sk_SK","og_type":"article","og_title":"Ikebany","og_description":"[vc_row][vc_column][\/vc_column][\/vc_row]","og_url":"https:\/\/www.pohrebne-sluzby.eu\/creativeflowers\/ikebany\/","og_site_name":"Creative Flowers Kvetin\u00e1rstvo Dob\u0161in\u00e1","article_modified_time":"2019-01-23T10:20:58+00:00","twitter_card":"summary_large_image","schema":{"@context":"https:\/\/schema.org","@graph":[{"@type":"WebPage","@id":"https:\/\/www.pohrebne-sluzby.eu\/creativeflowers\/ikebany\/","url":"https:\/\/www.pohrebne-sluzby.eu\/creativeflowers\/ikebany\/","name":"Ikebany - Creative Flowers Kvetin\u00e1rstvo Dob\u0161in\u00e1","isPartOf":{"@id":"https:\/\/www.pohrebne-sluzby.eu\/creativeflowers\/#website"},"datePublished":"2019-01-22T14:22:39+00:00","dateModified":"2019-01-23T10:20:58+00:00","breadcrumb":{"@id":"https:\/\/www.pohrebne-sluzby.eu\/creativeflowers\/ikebany\/#breadcrumb"},"inLanguage":"sk-SK","potentialAction":[{"@type":"ReadAction","target":["https:\/\/www.pohrebne-sluzby.eu\/creativeflowers\/ikebany\/"]}]},{"@type":"BreadcrumbList","@id":"https:\/\/www.pohrebne-sluzby.eu\/creativeflowers\/ikebany\/#breadcrumb","itemListElement":[{"@type":"ListItem","position":1,"name":"Home","item":"https:\/\/www.pohrebne-sluzby.eu\/creativeflowers\/"},{"@type":"ListItem","position":2,"name":"Ikebany"}]},{"@type":"WebSite","@id":"https:\/\/www.pohrebne-sluzby.eu\/creativeflowers\/#website","url":"https:\/\/www.pohrebne-sluzby.eu\/creativeflowers\/","name":"Creative Flowers Kvetin\u00e1rstvo Dob\u0161in\u00e1","description":"","publisher":{"@id":"https:\/\/www.pohrebne-sluzby.eu\/creativeflowers\/#organization"},"potentialAction":[{"@type":"SearchAction","target":{"@type":"EntryPoint","urlTemplate":"https:\/\/www.pohrebne-sluzby.eu\/creativeflowers\/?s={search_term_string}"},"query-input":{"@type":"PropertyValueSpecification","valueRequired":true,"valueName":"search_term_string"}}],"inLanguage":"sk-SK"},{"@type":"Organization","@id":"https:\/\/www.pohrebne-sluzby.eu\/creativeflowers\/#organization","name":"Creative Flowers Kvetin\u00e1rstvo Dob\u0161in\u00e1","url":"https:\/\/www.pohrebne-sluzby.eu\/creativeflowers\/","logo":{"@type":"ImageObject","inLanguage":"sk-SK","@id":"https:\/\/www.pohrebne-sluzby.eu\/creativeflowers\/#\/schema\/logo\/image\/","url":"https:\/\/www.pohrebne-sluzby.eu\/creativeflowers\/wp-content\/uploads\/2019\/01\/logo-footer-1.png","contentUrl":"https:\/\/www.pohrebne-sluzby.eu\/creativeflowers\/wp-content\/uploads\/2019\/01\/logo-footer-1.png","width":220,"height":47,"caption":"Creative Flowers Kvetin\u00e1rstvo Dob\u0161in\u00e1"},"image":{"@id":"https:\/\/www.pohrebne-sluzby.eu\/creativeflowers\/#\/schema\/logo\/image\/"}}]}},"_links":{"self":[{"href":"https:\/\/www.pohrebne-sluzby.eu\/creativeflowers\/wp-json\/wp\/v2\/pages\/1669","targetHints":{"allow":["GET"]}}],"collection":[{"href":"https:\/\/www.pohrebne-sluzby.eu\/creativeflowers\/wp-json\/wp\/v2\/pages"}],"about":[{"href":"https:\/\/www.pohrebne-sluzby.eu\/creativeflowers\/wp-json\/wp\/v2\/types\/page"}],"author":[{"embeddable":true,"href":"https:\/\/www.pohrebne-sluzby.eu\/creativeflowers\/wp-json\/wp\/v2\/users\/1"}],"replies":[{"embeddable":true,"href":"https:\/\/www.pohrebne-sluzby.eu\/creativeflowers\/wp-json\/wp\/v2\/comments?post=1669"}],"version-history":[{"count":3,"href":"https:\/\/www.pohrebne-sluzby.eu\/creativeflowers\/wp-json\/wp\/v2\/pages\/1669\/revisions"}],"predecessor-version":[{"id":1980,"href":"https:\/\/www.pohrebne-sluzby.eu\/creativeflowers\/wp-json\/wp\/v2\/pages\/1669\/revisions\/1980"}],"wp:attachment":[{"href":"https:\/\/www.pohrebne-sluzby.eu\/creativeflowers\/wp-json\/wp\/v2\/media?parent=1669"}],"curies":[{"name":"wp","href":"https:\/\/api.w.org\/{rel}","templated":true}]}}