{"id":1409,"date":"2019-01-14T19:44:57","date_gmt":"2019-01-14T19:44:57","guid":{"rendered":"https:\/\/www.pohrebne-sluzby.eu\/creativeflowers\/?page_id=1409"},"modified":"2019-01-23T10:12:59","modified_gmt":"2019-01-23T10:12:59","slug":"zive-vence","status":"publish","type":"page","link":"https:\/\/www.pohrebne-sluzby.eu\/creativeflowers\/zive-vence\/","title":{"rendered":"\u017div\u00e9 vence"},"content":{"rendered":"<div class=\"wpb-content-wrapper\"><p>[vc_row][vc_column]<div id=\"69ef34512418d\" class=\"gg_gallery_wrap gg_standard_gallery gid_1730 gg_hidden_ol gg_ol_bottom_mode gg_main_ol_show_on_h \" data-gg_ol=\"default\"  data-ggom_fx=\"\" data-ggom_timing=\"300\" rel=\"1730\" data-nores-txt=\"No images found in this page\">      <div class=\"gg_loader\">  <div class=\"ggl_1\"><\/div>  <div class=\"ggl_2\"><\/div>  <div class=\"ggl_3\"><\/div>  <div class=\"ggl_4\"><\/div><\/div>  <div class=\"gg_container\"><div class=\"gg_img \" data-gg-url=\"https:\/\/www.pohrebne-sluzby.eu\/creativeflowers\/wp-content\/uploads\/2019\/01\/P1080628.jpg\" data-gg-title=\"P1080628\" data-gg-author=\"\" data-gg-descr=\"\" data-img-id=\"0\" rel=\"1730\">  <div class=\"gg_img_inner\"><div class=\"gg_main_img_wrap\"><img decoding=\"async\" src=\"\" data-gg-lazy-src=\"\/\/www.pohrebne-sluzby.eu\/creativeflowers\/wp-content\/uploads\/ewpt_cache\/300x400_90_1_c_FFFFFF_96490a9b0f04e1a9af471cb6274f7c50.jpg\" alt=\"P1080628\" class=\"gg_photo gg_main_thumb\" \/><noscript><img decoding=\"async\" src=\"https:\/\/www.pohrebne-sluzby.eu\/creativeflowers\/wp-content\/uploads\/2019\/01\/P1080628.jpg\" alt=\"P1080628\" \/><\/noscript><\/div><div class=\"gg_overlays\"><\/div><\/div><\/div><div class=\"gg_img \" data-gg-url=\"https:\/\/www.pohrebne-sluzby.eu\/creativeflowers\/wp-content\/uploads\/2019\/01\/P1080627.jpg\" data-gg-title=\"P1080627\" data-gg-author=\"\" data-gg-descr=\"\" data-img-id=\"1\" rel=\"1730\">  <div class=\"gg_img_inner\"><div class=\"gg_main_img_wrap\"><img decoding=\"async\" src=\"\" data-gg-lazy-src=\"\/\/www.pohrebne-sluzby.eu\/creativeflowers\/wp-content\/uploads\/ewpt_cache\/300x400_90_1_c_FFFFFF_1efb3323bca069bb0a110e8e0101b17d.jpg\" alt=\"P1080627\" class=\"gg_photo gg_main_thumb\" \/><noscript><img decoding=\"async\" src=\"https:\/\/www.pohrebne-sluzby.eu\/creativeflowers\/wp-content\/uploads\/2019\/01\/P1080627.jpg\" alt=\"P1080627\" \/><\/noscript><\/div><div class=\"gg_overlays\"><\/div><\/div><\/div><div class=\"gg_img \" data-gg-url=\"https:\/\/www.pohrebne-sluzby.eu\/creativeflowers\/wp-content\/uploads\/2019\/01\/P1080626.jpg\" data-gg-title=\"P1080626\" data-gg-author=\"\" data-gg-descr=\"\" data-img-id=\"2\" rel=\"1730\">  <div class=\"gg_img_inner\"><div class=\"gg_main_img_wrap\"><img decoding=\"async\" src=\"\" data-gg-lazy-src=\"\/\/www.pohrebne-sluzby.eu\/creativeflowers\/wp-content\/uploads\/ewpt_cache\/300x400_90_1_c_FFFFFF_052142e5cebbc611c3f4de2abd9213e7.jpg\" alt=\"P1080626\" class=\"gg_photo gg_main_thumb\" \/><noscript><img decoding=\"async\" src=\"https:\/\/www.pohrebne-sluzby.eu\/creativeflowers\/wp-content\/uploads\/2019\/01\/P1080626.jpg\" alt=\"P1080626\" \/><\/noscript><\/div><div class=\"gg_overlays\"><\/div><\/div><\/div><div class=\"gg_img \" data-gg-url=\"https:\/\/www.pohrebne-sluzby.eu\/creativeflowers\/wp-content\/uploads\/2019\/01\/P1080622.jpg\" data-gg-title=\"P1080622\" data-gg-author=\"\" data-gg-descr=\"\" data-img-id=\"3\" rel=\"1730\">  <div class=\"gg_img_inner\"><div class=\"gg_main_img_wrap\"><img decoding=\"async\" src=\"\" data-gg-lazy-src=\"\/\/www.pohrebne-sluzby.eu\/creativeflowers\/wp-content\/uploads\/ewpt_cache\/300x400_90_1_c_FFFFFF_390edbc3041231c6db77e6cf7be21f25.jpg\" alt=\"P1080622\" class=\"gg_photo gg_main_thumb\" \/><noscript><img decoding=\"async\" src=\"https:\/\/www.pohrebne-sluzby.eu\/creativeflowers\/wp-content\/uploads\/2019\/01\/P1080622.jpg\" alt=\"P1080622\" \/><\/noscript><\/div><div class=\"gg_overlays\"><\/div><\/div><\/div><div class=\"gg_img \" data-gg-url=\"https:\/\/www.pohrebne-sluzby.eu\/creativeflowers\/wp-content\/uploads\/2019\/01\/P1080621.jpg\" data-gg-title=\"P1080621\" data-gg-author=\"\" data-gg-descr=\"\" data-img-id=\"4\" rel=\"1730\">  <div class=\"gg_img_inner\"><div class=\"gg_main_img_wrap\"><img decoding=\"async\" src=\"\" data-gg-lazy-src=\"\/\/www.pohrebne-sluzby.eu\/creativeflowers\/wp-content\/uploads\/ewpt_cache\/300x400_90_1_c_FFFFFF_4ac7722fc8a25dd3fce5191cdca26bb1.jpg\" alt=\"P1080621\" class=\"gg_photo gg_main_thumb\" \/><noscript><img decoding=\"async\" src=\"https:\/\/www.pohrebne-sluzby.eu\/creativeflowers\/wp-content\/uploads\/2019\/01\/P1080621.jpg\" alt=\"P1080621\" \/><\/noscript><\/div><div class=\"gg_overlays\"><\/div><\/div><\/div><div class=\"gg_img \" data-gg-url=\"https:\/\/www.pohrebne-sluzby.eu\/creativeflowers\/wp-content\/uploads\/2019\/01\/P1080591.jpg\" data-gg-title=\"P1080591\" data-gg-author=\"\" data-gg-descr=\"\" data-img-id=\"5\" rel=\"1730\">  <div class=\"gg_img_inner\"><div class=\"gg_main_img_wrap\"><img decoding=\"async\" src=\"\" data-gg-lazy-src=\"\/\/www.pohrebne-sluzby.eu\/creativeflowers\/wp-content\/uploads\/ewpt_cache\/300x400_90_1_c_FFFFFF_c34fe7c03a1ecfb9e278a76829d7f08a.jpg\" alt=\"P1080591\" class=\"gg_photo gg_main_thumb\" \/><noscript><img decoding=\"async\" src=\"https:\/\/www.pohrebne-sluzby.eu\/creativeflowers\/wp-content\/uploads\/2019\/01\/P1080591.jpg\" alt=\"P1080591\" \/><\/noscript><\/div><div class=\"gg_overlays\"><\/div><\/div><\/div><div class=\"gg_img \" data-gg-url=\"https:\/\/www.pohrebne-sluzby.eu\/creativeflowers\/wp-content\/uploads\/2019\/01\/P1080590.jpg\" data-gg-title=\"P1080590\" data-gg-author=\"\" data-gg-descr=\"\" data-img-id=\"6\" rel=\"1730\">  <div class=\"gg_img_inner\"><div class=\"gg_main_img_wrap\"><img decoding=\"async\" src=\"\" data-gg-lazy-src=\"\/\/www.pohrebne-sluzby.eu\/creativeflowers\/wp-content\/uploads\/ewpt_cache\/300x400_90_1_c_FFFFFF_29d497b1664eb2033a63f4c8f94d6367.jpg\" alt=\"P1080590\" class=\"gg_photo gg_main_thumb\" \/><noscript><img decoding=\"async\" src=\"https:\/\/www.pohrebne-sluzby.eu\/creativeflowers\/wp-content\/uploads\/2019\/01\/P1080590.jpg\" alt=\"P1080590\" \/><\/noscript><\/div><div class=\"gg_overlays\"><\/div><\/div><\/div><div class=\"gg_img \" data-gg-url=\"https:\/\/www.pohrebne-sluzby.eu\/creativeflowers\/wp-content\/uploads\/2019\/01\/P1080583.jpg\" data-gg-title=\"P1080583\" data-gg-author=\"\" data-gg-descr=\"\" data-img-id=\"7\" rel=\"1730\">  <div class=\"gg_img_inner\"><div class=\"gg_main_img_wrap\"><img decoding=\"async\" src=\"\" data-gg-lazy-src=\"\/\/www.pohrebne-sluzby.eu\/creativeflowers\/wp-content\/uploads\/ewpt_cache\/300x400_90_1_c_FFFFFF_3051f71e2832abe0df3f0f1641311c82.jpg\" alt=\"P1080583\" class=\"gg_photo gg_main_thumb\" \/><noscript><img decoding=\"async\" src=\"https:\/\/www.pohrebne-sluzby.eu\/creativeflowers\/wp-content\/uploads\/2019\/01\/P1080583.jpg\" alt=\"P1080583\" \/><\/noscript><\/div><div class=\"gg_overlays\"><\/div><\/div><\/div><div class=\"gg_img \" data-gg-url=\"https:\/\/www.pohrebne-sluzby.eu\/creativeflowers\/wp-content\/uploads\/2019\/01\/P1080577.jpg\" data-gg-title=\"P1080577\" data-gg-author=\"\" data-gg-descr=\"\" data-img-id=\"8\" rel=\"1730\">  <div class=\"gg_img_inner\"><div class=\"gg_main_img_wrap\"><img decoding=\"async\" src=\"\" data-gg-lazy-src=\"\/\/www.pohrebne-sluzby.eu\/creativeflowers\/wp-content\/uploads\/ewpt_cache\/300x400_90_1_c_FFFFFF_4f340d688a225ceb076d8fd550306e16.jpg\" alt=\"P1080577\" class=\"gg_photo gg_main_thumb\" \/><noscript><img decoding=\"async\" src=\"https:\/\/www.pohrebne-sluzby.eu\/creativeflowers\/wp-content\/uploads\/2019\/01\/P1080577.jpg\" alt=\"P1080577\" \/><\/noscript><\/div><div class=\"gg_overlays\"><\/div><\/div><\/div><div class=\"gg_img \" data-gg-url=\"https:\/\/www.pohrebne-sluzby.eu\/creativeflowers\/wp-content\/uploads\/2019\/01\/P1080567.jpg\" data-gg-title=\"P1080567\" data-gg-author=\"\" data-gg-descr=\"\" data-img-id=\"9\" rel=\"1730\">  <div class=\"gg_img_inner\"><div class=\"gg_main_img_wrap\"><img decoding=\"async\" src=\"\" data-gg-lazy-src=\"\/\/www.pohrebne-sluzby.eu\/creativeflowers\/wp-content\/uploads\/ewpt_cache\/300x400_90_1_c_FFFFFF_b43afc0c41c3e4c728beaa6ac064d65f.jpg\" alt=\"P1080567\" class=\"gg_photo gg_main_thumb\" \/><noscript><img decoding=\"async\" src=\"https:\/\/www.pohrebne-sluzby.eu\/creativeflowers\/wp-content\/uploads\/2019\/01\/P1080567.jpg\" alt=\"P1080567\" \/><\/noscript><\/div><div class=\"gg_overlays\"><\/div><\/div><\/div><div class=\"gg_img \" data-gg-url=\"https:\/\/www.pohrebne-sluzby.eu\/creativeflowers\/wp-content\/uploads\/2019\/01\/P1080564.jpg\" data-gg-title=\"P1080564\" data-gg-author=\"\" data-gg-descr=\"\" data-img-id=\"10\" rel=\"1730\">  <div class=\"gg_img_inner\"><div class=\"gg_main_img_wrap\"><img decoding=\"async\" src=\"\" data-gg-lazy-src=\"\/\/www.pohrebne-sluzby.eu\/creativeflowers\/wp-content\/uploads\/ewpt_cache\/300x400_90_1_c_FFFFFF_c18ad87797f4ffab50ec41b514b8768c.jpg\" alt=\"P1080564\" class=\"gg_photo gg_main_thumb\" \/><noscript><img decoding=\"async\" src=\"https:\/\/www.pohrebne-sluzby.eu\/creativeflowers\/wp-content\/uploads\/2019\/01\/P1080564.jpg\" alt=\"P1080564\" \/><\/noscript><\/div><div class=\"gg_overlays\"><\/div><\/div><\/div><div class=\"gg_img \" data-gg-url=\"https:\/\/www.pohrebne-sluzby.eu\/creativeflowers\/wp-content\/uploads\/2019\/01\/P1080561.jpg\" data-gg-title=\"P1080561\" data-gg-author=\"\" data-gg-descr=\"\" data-img-id=\"11\" rel=\"1730\">  <div class=\"gg_img_inner\"><div class=\"gg_main_img_wrap\"><img decoding=\"async\" src=\"\" data-gg-lazy-src=\"\/\/www.pohrebne-sluzby.eu\/creativeflowers\/wp-content\/uploads\/ewpt_cache\/300x400_90_1_c_FFFFFF_3d65c57d415d8da3a408ae95d057508b.jpg\" alt=\"P1080561\" class=\"gg_photo gg_main_thumb\" \/><noscript><img decoding=\"async\" src=\"https:\/\/www.pohrebne-sluzby.eu\/creativeflowers\/wp-content\/uploads\/2019\/01\/P1080561.jpg\" alt=\"P1080561\" \/><\/noscript><\/div><div class=\"gg_overlays\"><\/div><\/div><\/div><div class=\"gg_img \" data-gg-url=\"https:\/\/www.pohrebne-sluzby.eu\/creativeflowers\/wp-content\/uploads\/2019\/01\/P1080534.jpg\" data-gg-title=\"P1080534\" data-gg-author=\"\" data-gg-descr=\"\" data-img-id=\"12\" rel=\"1730\">  <div class=\"gg_img_inner\"><div class=\"gg_main_img_wrap\"><img decoding=\"async\" src=\"\" data-gg-lazy-src=\"\/\/www.pohrebne-sluzby.eu\/creativeflowers\/wp-content\/uploads\/ewpt_cache\/300x400_90_1_c_FFFFFF_05ab768ca18e94f31187db8c11a6c23e.jpg\" alt=\"P1080534\" class=\"gg_photo gg_main_thumb\" \/><noscript><img decoding=\"async\" src=\"https:\/\/www.pohrebne-sluzby.eu\/creativeflowers\/wp-content\/uploads\/2019\/01\/P1080534.jpg\" alt=\"P1080534\" \/><\/noscript><\/div><div class=\"gg_overlays\"><\/div><\/div><\/div><div class=\"gg_img \" data-gg-url=\"https:\/\/www.pohrebne-sluzby.eu\/creativeflowers\/wp-content\/uploads\/2019\/01\/P1080530.jpg\" data-gg-title=\"P1080530\" data-gg-author=\"\" data-gg-descr=\"\" data-img-id=\"13\" rel=\"1730\">  <div class=\"gg_img_inner\"><div class=\"gg_main_img_wrap\"><img decoding=\"async\" src=\"\" data-gg-lazy-src=\"\/\/www.pohrebne-sluzby.eu\/creativeflowers\/wp-content\/uploads\/ewpt_cache\/300x400_90_1_c_FFFFFF_7d0a7e4d8c6d5f7f1bab625021642a80.jpg\" alt=\"P1080530\" class=\"gg_photo gg_main_thumb\" \/><noscript><img decoding=\"async\" src=\"https:\/\/www.pohrebne-sluzby.eu\/creativeflowers\/wp-content\/uploads\/2019\/01\/P1080530.jpg\" alt=\"P1080530\" \/><\/noscript><\/div><div class=\"gg_overlays\"><\/div><\/div><\/div><div class=\"gg_img \" data-gg-url=\"https:\/\/www.pohrebne-sluzby.eu\/creativeflowers\/wp-content\/uploads\/2019\/01\/P1080528.jpg\" data-gg-title=\"P1080528\" data-gg-author=\"\" data-gg-descr=\"\" data-img-id=\"14\" rel=\"1730\">  <div class=\"gg_img_inner\"><div class=\"gg_main_img_wrap\"><img decoding=\"async\" src=\"\" data-gg-lazy-src=\"\/\/www.pohrebne-sluzby.eu\/creativeflowers\/wp-content\/uploads\/ewpt_cache\/300x400_90_1_c_FFFFFF_9855784f968b3a4519e6d834cc262ccd.jpg\" alt=\"P1080528\" class=\"gg_photo gg_main_thumb\" \/><noscript><img decoding=\"async\" src=\"https:\/\/www.pohrebne-sluzby.eu\/creativeflowers\/wp-content\/uploads\/2019\/01\/P1080528.jpg\" alt=\"P1080528\" \/><\/noscript><\/div><div class=\"gg_overlays\"><\/div><\/div><\/div><div class=\"gg_img \" data-gg-url=\"https:\/\/www.pohrebne-sluzby.eu\/creativeflowers\/wp-content\/uploads\/2019\/01\/P1080525.jpg\" data-gg-title=\"P1080525\" data-gg-author=\"\" data-gg-descr=\"\" data-img-id=\"15\" rel=\"1730\">  <div class=\"gg_img_inner\"><div class=\"gg_main_img_wrap\"><img decoding=\"async\" src=\"\" data-gg-lazy-src=\"\/\/www.pohrebne-sluzby.eu\/creativeflowers\/wp-content\/uploads\/ewpt_cache\/300x400_90_1_c_FFFFFF_1a535c9c819aa553c13ec996b1d40b8f.jpg\" alt=\"P1080525\" class=\"gg_photo gg_main_thumb\" \/><noscript><img decoding=\"async\" src=\"https:\/\/www.pohrebne-sluzby.eu\/creativeflowers\/wp-content\/uploads\/2019\/01\/P1080525.jpg\" alt=\"P1080525\" \/><\/noscript><\/div><div class=\"gg_overlays\"><\/div><\/div><\/div><div class=\"gg_img \" data-gg-url=\"https:\/\/www.pohrebne-sluzby.eu\/creativeflowers\/wp-content\/uploads\/2019\/01\/P1080522.jpg\" data-gg-title=\"P1080522\" data-gg-author=\"\" data-gg-descr=\"\" data-img-id=\"16\" rel=\"1730\">  <div class=\"gg_img_inner\"><div class=\"gg_main_img_wrap\"><img decoding=\"async\" src=\"\" data-gg-lazy-src=\"\/\/www.pohrebne-sluzby.eu\/creativeflowers\/wp-content\/uploads\/ewpt_cache\/300x400_90_1_c_FFFFFF_d9d5822fe1359f6c968f2c68ed7e5f01.jpg\" alt=\"P1080522\" class=\"gg_photo gg_main_thumb\" \/><noscript><img decoding=\"async\" src=\"https:\/\/www.pohrebne-sluzby.eu\/creativeflowers\/wp-content\/uploads\/2019\/01\/P1080522.jpg\" alt=\"P1080522\" \/><\/noscript><\/div><div class=\"gg_overlays\"><\/div><\/div><\/div><div class=\"gg_img \" data-gg-url=\"https:\/\/www.pohrebne-sluzby.eu\/creativeflowers\/wp-content\/uploads\/2019\/01\/P1080521.jpg\" data-gg-title=\"P1080521\" data-gg-author=\"\" data-gg-descr=\"\" data-img-id=\"17\" rel=\"1730\">  <div class=\"gg_img_inner\"><div class=\"gg_main_img_wrap\"><img decoding=\"async\" src=\"\" data-gg-lazy-src=\"\/\/www.pohrebne-sluzby.eu\/creativeflowers\/wp-content\/uploads\/ewpt_cache\/300x400_90_1_c_FFFFFF_1ceca3ff6eb677455d13d9e7f3e7d1b6.jpg\" alt=\"P1080521\" class=\"gg_photo gg_main_thumb\" \/><noscript><img decoding=\"async\" src=\"https:\/\/www.pohrebne-sluzby.eu\/creativeflowers\/wp-content\/uploads\/2019\/01\/P1080521.jpg\" alt=\"P1080521\" \/><\/noscript><\/div><div class=\"gg_overlays\"><\/div><\/div><\/div><\/div><div class=\"gg_paginate gg_pag_light\" gg-random=\"0\" data-gg-totpages=\"14\"><div class=\"gg_infinite_scroll\"><div class=\"gg_nav_left\"><\/div><div class=\"gg_nav_mid\"><span>Na\u010d\u00edta\u0165 \u010fal\u0161ie<\/span><\/div><div class=\"gg_nav_right\"><\/div><\/div><\/div><div style=\"clear: both;\"><\/div><\/div><script type=\"text\/javascript\"> if(typeof(gg_pag_vars) == \"undefined\") {gg_pag_vars = {};}gg_pag_vars[\"69ef34512418d\"] = {per_page: 18,watermark : 0,random_trail : \"false\",wp_gall_hash: \"\"};<\/script><script type=\"text\/javascript\"> jQuery(document).ready(function($) { if(typeof(gg_galleries_init) == \"function\") {gg_galleries_init(\"69ef34512418d\"); }});<\/script>[\/vc_column][\/vc_row]<\/p>\n<\/div>","protected":false},"excerpt":{"rendered":"<p>[vc_row][vc_column][\/vc_column][\/vc_row]<\/p>\n","protected":false},"author":1,"featured_media":0,"parent":0,"menu_order":0,"comment_status":"open","ping_status":"open","template":"","meta":{"footnotes":""},"class_list":["post-1409","page","type-page","status-publish","hentry"],"yoast_head":"<!-- This site is optimized with the Yoast SEO Premium plugin v26.3 (Yoast SEO v27.4) - https:\/\/yoast.com\/product\/yoast-seo-premium-wordpress\/ -->\n<title>\u017div\u00e9 vence - Creative Flowers Kvetin\u00e1rstvo Dob\u0161in\u00e1<\/title>\n<meta name=\"robots\" content=\"index, follow, max-snippet:-1, max-image-preview:large, max-video-preview:-1\" \/>\n<link rel=\"canonical\" href=\"https:\/\/www.pohrebne-sluzby.eu\/creativeflowers\/zive-vence\/\" \/>\n<meta property=\"og:locale\" content=\"sk_SK\" \/>\n<meta property=\"og:type\" content=\"article\" \/>\n<meta property=\"og:title\" content=\"\u017div\u00e9 vence\" \/>\n<meta property=\"og:description\" content=\"[vc_row][vc_column][\/vc_column][\/vc_row]\" \/>\n<meta property=\"og:url\" content=\"https:\/\/www.pohrebne-sluzby.eu\/creativeflowers\/zive-vence\/\" \/>\n<meta property=\"og:site_name\" content=\"Creative Flowers Kvetin\u00e1rstvo Dob\u0161in\u00e1\" \/>\n<meta property=\"article:modified_time\" content=\"2019-01-23T10:12:59+00:00\" \/>\n<meta name=\"twitter:card\" content=\"summary_large_image\" \/>\n<script type=\"application\/ld+json\" class=\"yoast-schema-graph\">{\"@context\":\"https:\\\/\\\/schema.org\",\"@graph\":[{\"@type\":\"WebPage\",\"@id\":\"https:\\\/\\\/www.pohrebne-sluzby.eu\\\/creativeflowers\\\/zive-vence\\\/\",\"url\":\"https:\\\/\\\/www.pohrebne-sluzby.eu\\\/creativeflowers\\\/zive-vence\\\/\",\"name\":\"\u017div\u00e9 vence - Creative Flowers Kvetin\u00e1rstvo Dob\u0161in\u00e1\",\"isPartOf\":{\"@id\":\"https:\\\/\\\/www.pohrebne-sluzby.eu\\\/creativeflowers\\\/#website\"},\"datePublished\":\"2019-01-14T19:44:57+00:00\",\"dateModified\":\"2019-01-23T10:12:59+00:00\",\"breadcrumb\":{\"@id\":\"https:\\\/\\\/www.pohrebne-sluzby.eu\\\/creativeflowers\\\/zive-vence\\\/#breadcrumb\"},\"inLanguage\":\"sk-SK\",\"potentialAction\":[{\"@type\":\"ReadAction\",\"target\":[\"https:\\\/\\\/www.pohrebne-sluzby.eu\\\/creativeflowers\\\/zive-vence\\\/\"]}]},{\"@type\":\"BreadcrumbList\",\"@id\":\"https:\\\/\\\/www.pohrebne-sluzby.eu\\\/creativeflowers\\\/zive-vence\\\/#breadcrumb\",\"itemListElement\":[{\"@type\":\"ListItem\",\"position\":1,\"name\":\"Home\",\"item\":\"https:\\\/\\\/www.pohrebne-sluzby.eu\\\/creativeflowers\\\/\"},{\"@type\":\"ListItem\",\"position\":2,\"name\":\"\u017div\u00e9 vence\"}]},{\"@type\":\"WebSite\",\"@id\":\"https:\\\/\\\/www.pohrebne-sluzby.eu\\\/creativeflowers\\\/#website\",\"url\":\"https:\\\/\\\/www.pohrebne-sluzby.eu\\\/creativeflowers\\\/\",\"name\":\"Creative Flowers Kvetin\u00e1rstvo Dob\u0161in\u00e1\",\"description\":\"\",\"publisher\":{\"@id\":\"https:\\\/\\\/www.pohrebne-sluzby.eu\\\/creativeflowers\\\/#organization\"},\"potentialAction\":[{\"@type\":\"SearchAction\",\"target\":{\"@type\":\"EntryPoint\",\"urlTemplate\":\"https:\\\/\\\/www.pohrebne-sluzby.eu\\\/creativeflowers\\\/?s={search_term_string}\"},\"query-input\":{\"@type\":\"PropertyValueSpecification\",\"valueRequired\":true,\"valueName\":\"search_term_string\"}}],\"inLanguage\":\"sk-SK\"},{\"@type\":\"Organization\",\"@id\":\"https:\\\/\\\/www.pohrebne-sluzby.eu\\\/creativeflowers\\\/#organization\",\"name\":\"Creative Flowers Kvetin\u00e1rstvo Dob\u0161in\u00e1\",\"url\":\"https:\\\/\\\/www.pohrebne-sluzby.eu\\\/creativeflowers\\\/\",\"logo\":{\"@type\":\"ImageObject\",\"inLanguage\":\"sk-SK\",\"@id\":\"https:\\\/\\\/www.pohrebne-sluzby.eu\\\/creativeflowers\\\/#\\\/schema\\\/logo\\\/image\\\/\",\"url\":\"https:\\\/\\\/www.pohrebne-sluzby.eu\\\/creativeflowers\\\/wp-content\\\/uploads\\\/2019\\\/01\\\/logo-footer-1.png\",\"contentUrl\":\"https:\\\/\\\/www.pohrebne-sluzby.eu\\\/creativeflowers\\\/wp-content\\\/uploads\\\/2019\\\/01\\\/logo-footer-1.png\",\"width\":220,\"height\":47,\"caption\":\"Creative Flowers Kvetin\u00e1rstvo Dob\u0161in\u00e1\"},\"image\":{\"@id\":\"https:\\\/\\\/www.pohrebne-sluzby.eu\\\/creativeflowers\\\/#\\\/schema\\\/logo\\\/image\\\/\"}}]}<\/script>\n<!-- \/ Yoast SEO Premium plugin. -->","yoast_head_json":{"title":"\u017div\u00e9 vence - Creative Flowers Kvetin\u00e1rstvo Dob\u0161in\u00e1","robots":{"index":"index","follow":"follow","max-snippet":"max-snippet:-1","max-image-preview":"max-image-preview:large","max-video-preview":"max-video-preview:-1"},"canonical":"https:\/\/www.pohrebne-sluzby.eu\/creativeflowers\/zive-vence\/","og_locale":"sk_SK","og_type":"article","og_title":"\u017div\u00e9 vence","og_description":"[vc_row][vc_column][\/vc_column][\/vc_row]","og_url":"https:\/\/www.pohrebne-sluzby.eu\/creativeflowers\/zive-vence\/","og_site_name":"Creative Flowers Kvetin\u00e1rstvo Dob\u0161in\u00e1","article_modified_time":"2019-01-23T10:12:59+00:00","twitter_card":"summary_large_image","schema":{"@context":"https:\/\/schema.org","@graph":[{"@type":"WebPage","@id":"https:\/\/www.pohrebne-sluzby.eu\/creativeflowers\/zive-vence\/","url":"https:\/\/www.pohrebne-sluzby.eu\/creativeflowers\/zive-vence\/","name":"\u017div\u00e9 vence - Creative Flowers Kvetin\u00e1rstvo Dob\u0161in\u00e1","isPartOf":{"@id":"https:\/\/www.pohrebne-sluzby.eu\/creativeflowers\/#website"},"datePublished":"2019-01-14T19:44:57+00:00","dateModified":"2019-01-23T10:12:59+00:00","breadcrumb":{"@id":"https:\/\/www.pohrebne-sluzby.eu\/creativeflowers\/zive-vence\/#breadcrumb"},"inLanguage":"sk-SK","potentialAction":[{"@type":"ReadAction","target":["https:\/\/www.pohrebne-sluzby.eu\/creativeflowers\/zive-vence\/"]}]},{"@type":"BreadcrumbList","@id":"https:\/\/www.pohrebne-sluzby.eu\/creativeflowers\/zive-vence\/#breadcrumb","itemListElement":[{"@type":"ListItem","position":1,"name":"Home","item":"https:\/\/www.pohrebne-sluzby.eu\/creativeflowers\/"},{"@type":"ListItem","position":2,"name":"\u017div\u00e9 vence"}]},{"@type":"WebSite","@id":"https:\/\/www.pohrebne-sluzby.eu\/creativeflowers\/#website","url":"https:\/\/www.pohrebne-sluzby.eu\/creativeflowers\/","name":"Creative Flowers Kvetin\u00e1rstvo Dob\u0161in\u00e1","description":"","publisher":{"@id":"https:\/\/www.pohrebne-sluzby.eu\/creativeflowers\/#organization"},"potentialAction":[{"@type":"SearchAction","target":{"@type":"EntryPoint","urlTemplate":"https:\/\/www.pohrebne-sluzby.eu\/creativeflowers\/?s={search_term_string}"},"query-input":{"@type":"PropertyValueSpecification","valueRequired":true,"valueName":"search_term_string"}}],"inLanguage":"sk-SK"},{"@type":"Organization","@id":"https:\/\/www.pohrebne-sluzby.eu\/creativeflowers\/#organization","name":"Creative Flowers Kvetin\u00e1rstvo Dob\u0161in\u00e1","url":"https:\/\/www.pohrebne-sluzby.eu\/creativeflowers\/","logo":{"@type":"ImageObject","inLanguage":"sk-SK","@id":"https:\/\/www.pohrebne-sluzby.eu\/creativeflowers\/#\/schema\/logo\/image\/","url":"https:\/\/www.pohrebne-sluzby.eu\/creativeflowers\/wp-content\/uploads\/2019\/01\/logo-footer-1.png","contentUrl":"https:\/\/www.pohrebne-sluzby.eu\/creativeflowers\/wp-content\/uploads\/2019\/01\/logo-footer-1.png","width":220,"height":47,"caption":"Creative Flowers Kvetin\u00e1rstvo Dob\u0161in\u00e1"},"image":{"@id":"https:\/\/www.pohrebne-sluzby.eu\/creativeflowers\/#\/schema\/logo\/image\/"}}]}},"_links":{"self":[{"href":"https:\/\/www.pohrebne-sluzby.eu\/creativeflowers\/wp-json\/wp\/v2\/pages\/1409","targetHints":{"allow":["GET"]}}],"collection":[{"href":"https:\/\/www.pohrebne-sluzby.eu\/creativeflowers\/wp-json\/wp\/v2\/pages"}],"about":[{"href":"https:\/\/www.pohrebne-sluzby.eu\/creativeflowers\/wp-json\/wp\/v2\/types\/page"}],"author":[{"embeddable":true,"href":"https:\/\/www.pohrebne-sluzby.eu\/creativeflowers\/wp-json\/wp\/v2\/users\/1"}],"replies":[{"embeddable":true,"href":"https:\/\/www.pohrebne-sluzby.eu\/creativeflowers\/wp-json\/wp\/v2\/comments?post=1409"}],"version-history":[{"count":18,"href":"https:\/\/www.pohrebne-sluzby.eu\/creativeflowers\/wp-json\/wp\/v2\/pages\/1409\/revisions"}],"predecessor-version":[{"id":1978,"href":"https:\/\/www.pohrebne-sluzby.eu\/creativeflowers\/wp-json\/wp\/v2\/pages\/1409\/revisions\/1978"}],"wp:attachment":[{"href":"https:\/\/www.pohrebne-sluzby.eu\/creativeflowers\/wp-json\/wp\/v2\/media?parent=1409"}],"curies":[{"name":"wp","href":"https:\/\/api.w.org\/{rel}","templated":true}]}}